{"id":1694,"date":"2023-11-06T15:10:43","date_gmt":"2023-11-06T21:10:43","guid":{"rendered":"https:\/\/ferreterialafedecuicuilco.com\/?post_type=product&#038;p=1694"},"modified":"2025-06-19T11:00:53","modified_gmt":"2025-06-19T17:00:53","slug":"candado-de-acero-llave-estandar-prolok","status":"publish","type":"product","link":"https:\/\/ferreterialafedecuicuilco.com\/index.php\/producto\/candado-de-acero-llave-estandar-prolok\/","title":{"rendered":"Candado de acero, llave est\u00e1ndar Prolok"},"content":{"rendered":"<p>Candado de acero con cubierta pl\u00e1stica de PVC 70 mm, llave est\u00e1ndar Prolok<\/p>\n<ul>\n<li>Candado con dise\u00f1o anti palanca para cortinas met\u00e1licas.<\/li>\n<li>Cuerpo met\u00e1lico recubierto de PVC.<\/li>\n<li>Llaves y componentes de lat\u00f3n para mayor vida \u00fatil. Seguro preventivo que impide sacar la llave mientras el candado est\u00e9 abierto.<\/li>\n<li>Incluye 3 llaves est\u00e1ndar.<\/li>\n<li>Ideal para patios, gavetas, cortinas y cajas de camiones. \u00ab<\/li>\n<li>Candado cubierta pl\u00e1stica para cortina 70 mm. Con 3 llaves est\u00e1ndar.<\/li>\n<\/ul>\n","protected":false},"excerpt":{"rendered":"<p>Candado de acero con cubierta pl\u00e1stica de PVC 70 mm, llave est\u00e1ndar Prolok<\/p>\n<ul>\n<li>Candado con dise\u00f1o anti palanca para cortinas met\u00e1licas.<\/li>\n<li>Cuerpo met\u00e1lico recubierto de PVC.<\/li>\n<li>Llaves y componentes de lat\u00f3n para mayor vida \u00fatil. Seguro preventivo que impide sacar la llave mientras el candado est\u00e9 abierto.<\/li>\n<li>Incluye 3 llaves est\u00e1ndar.<\/li>\n<li>Ideal para patios, gavetas, cortinas y cajas de camiones. \u00ab<\/li>\n<li>Candado cubierta pl\u00e1stica para cortina 70 mm. Con 3 llaves est\u00e1ndar.<\/li>\n<\/ul>\n","protected":false},"featured_media":1698,"comment_status":"open","ping_status":"closed","template":"","meta":{"site-sidebar-layout":"default","site-content-layout":"","ast-site-content-layout":"default","site-content-style":"default","site-sidebar-style":"default","ast-global-header-display":"","ast-banner-title-visibility":"","ast-main-header-display":"","ast-hfb-above-header-display":"","ast-hfb-below-header-display":"","ast-hfb-mobile-header-display":"","site-post-title":"","ast-breadcrumbs-content":"","ast-featured-img":"","footer-sml-layout":"","ast-disable-related-posts":"","theme-transparent-header-meta":"default","adv-header-id-meta":"","stick-header-meta":"","header-above-stick-meta":"","header-main-stick-meta":"","header-below-stick-meta":"","astra-migrate-meta-layouts":"set","ast-page-background-enabled":"default","ast-page-background-meta":{"desktop":{"background-color":"var(--ast-global-color-4)","background-image":"","background-repeat":"repeat","background-position":"center center","background-size":"auto","background-attachment":"scroll","background-type":"","background-media":"","overlay-type":"","overlay-color":"","overlay-opacity":"","overlay-gradient":""},"tablet":{"background-color":"","background-image":"","background-repeat":"repeat","background-position":"center center","background-size":"auto","background-attachment":"scroll","background-type":"","background-media":"","overlay-type":"","overlay-color":"","overlay-opacity":"","overlay-gradient":""},"mobile":{"background-color":"","background-image":"","background-repeat":"repeat","background-position":"center center","background-size":"auto","background-attachment":"scroll","background-type":"","background-media":"","overlay-type":"","overlay-color":"","overlay-opacity":"","overlay-gradient":""}},"ast-content-background-meta":{"desktop":{"background-color":"var(--ast-global-color-5)","background-image":"","background-repeat":"repeat","background-position":"center center","background-size":"auto","background-attachment":"scroll","background-type":"","background-media":"","overlay-type":"","overlay-color":"","overlay-opacity":"","overlay-gradient":""},"tablet":{"background-color":"var(--ast-global-color-5)","background-image":"","background-repeat":"repeat","background-position":"center center","background-size":"auto","background-attachment":"scroll","background-type":"","background-media":"","overlay-type":"","overlay-color":"","overlay-opacity":"","overlay-gradient":""},"mobile":{"background-color":"var(--ast-global-color-5)","background-image":"","background-repeat":"repeat","background-position":"center center","background-size":"auto","background-attachment":"scroll","background-type":"","background-media":"","overlay-type":"","overlay-color":"","overlay-opacity":"","overlay-gradient":""}}},"product_brand":[],"product_cat":[40,44],"product_tag":[],"class_list":{"0":"post-1694","1":"product","2":"type-product","3":"status-publish","4":"has-post-thumbnail","6":"product_cat-nuevos-lanzamientos","7":"product_cat-prolok","8":"desktop-align-left","9":"tablet-align-left","10":"mobile-align-left","12":"first","13":"instock","14":"shipping-taxable","15":"purchasable","16":"product-type-simple"},"jetpack_sharing_enabled":true,"_links":{"self":[{"href":"https:\/\/ferreterialafedecuicuilco.com\/index.php\/wp-json\/wp\/v2\/product\/1694","targetHints":{"allow":["GET"]}}],"collection":[{"href":"https:\/\/ferreterialafedecuicuilco.com\/index.php\/wp-json\/wp\/v2\/product"}],"about":[{"href":"https:\/\/ferreterialafedecuicuilco.com\/index.php\/wp-json\/wp\/v2\/types\/product"}],"replies":[{"embeddable":true,"href":"https:\/\/ferreterialafedecuicuilco.com\/index.php\/wp-json\/wp\/v2\/comments?post=1694"}],"wp:featuredmedia":[{"embeddable":true,"href":"https:\/\/ferreterialafedecuicuilco.com\/index.php\/wp-json\/wp\/v2\/media\/1698"}],"wp:attachment":[{"href":"https:\/\/ferreterialafedecuicuilco.com\/index.php\/wp-json\/wp\/v2\/media?parent=1694"}],"wp:term":[{"taxonomy":"product_brand","embeddable":true,"href":"https:\/\/ferreterialafedecuicuilco.com\/index.php\/wp-json\/wp\/v2\/product_brand?post=1694"},{"taxonomy":"product_cat","embeddable":true,"href":"https:\/\/ferreterialafedecuicuilco.com\/index.php\/wp-json\/wp\/v2\/product_cat?post=1694"},{"taxonomy":"product_tag","embeddable":true,"href":"https:\/\/ferreterialafedecuicuilco.com\/index.php\/wp-json\/wp\/v2\/product_tag?post=1694"}],"curies":[{"name":"wp","href":"https:\/\/api.w.org\/{rel}","templated":true}]}}