{"id":1775,"date":"2023-11-06T23:48:02","date_gmt":"2023-11-07T05:48:02","guid":{"rendered":"https:\/\/ferreterialafedecuicuilco.com\/?post_type=product&#038;p=1775"},"modified":"2025-06-19T12:55:23","modified_gmt":"2025-06-19T18:55:23","slug":"juego-combinado-de-herramienta-8-piezas-urrea","status":"publish","type":"product","link":"https:\/\/ferreterialafedecuicuilco.com\/index.php\/producto\/juego-combinado-de-herramienta-8-piezas-urrea\/","title":{"rendered":"Juego combinado de herramienta, 8 piezas Urrea"},"content":{"rendered":"<p>Juego combinado de herramienta, 8 piezas Urrea. Juego de herramienta combinada b\u00e1sica, con bandeja de espuma EVA dise\u00f1ada para fijarla en la pared, manteniendo la herramienta en su lugar aunque este en posici\u00f3n vertical.<\/p>\n<ul>\n<li>Martillo de bola, pinza de presi\u00f3n curva, pinza pelacables, juego de 9 llaves hexagonales tipo navaja, llave ajustable cromada.<\/li>\n<li>Pinza de extensi\u00f3n 5 posiciones.<\/li>\n<li>desatornillador con 9 puntas intercambiables.<\/li>\n<li>pinza para mec\u00e1nico.<\/li>\n<li>Bandeja bicolor que permite identificar herramienta faltante adem\u00e1s de ser apilable a la pared.<\/li>\n<li>Bandeja de cubierta de Eva con espesor de 30mm con grabado de la medida del producto para la identificaci\u00f3n de este.<\/li>\n<li>Trabajos de mec\u00e1nica en general. \u00ab<\/li>\n<li>Martillo de bola hack, 8oz.<\/li>\n<li>Pinza de presi\u00f3n curva, 7&#8243;.<\/li>\n<li>Pinza pelacable, 8-3\/4&#8243;.<\/li>\n<li>Juego de llaves hexagonales tipo navaja, 9 pz.<\/li>\n<li>Llave ajustada cromada,8&#8243;.<\/li>\n<li>Pinza extensi\u00f3n 5 posiciones, 10&#8243;.<\/li>\n<li>Juego de desatornillador ambar con 9 puntas.<\/li>\n<li>Pinza para mec\u00e1nico, 6&#8243;.<\/li>\n<li>Charola de EVA.<\/li>\n<\/ul>\n","protected":false},"excerpt":{"rendered":"<p>Juego combinado de herramienta, 8 piezas Urrea. Juego de herramienta combinada b\u00e1sica, con bandeja de espuma EVA dise\u00f1ada para fijarla en la pared, manteniendo la herramienta en su lugar aunque este en posici\u00f3n vertical.<\/p>\n<ul>\n<li>Martillo de bola, pinza de presi\u00f3n curva, pinza pelacables, juego de 9 llaves hexagonales tipo navaja, llave ajustable cromada.<\/li>\n<li>Pinza de extensi\u00f3n 5 posiciones.<\/li>\n<li>desatornillador con 9 puntas intercambiables.<\/li>\n<li>pinza para mec\u00e1nico.<\/li>\n<li>Bandeja bicolor que permite identificar herramienta faltante adem\u00e1s de ser apilable a la pared.<\/li>\n<li>Bandeja de cubierta de Eva con espesor de 30mm con grabado de la medida del producto para la identificaci\u00f3n de este.<\/li>\n<li>Trabajos de mec\u00e1nica en general. \u00ab<\/li>\n<li>Martillo de bola hack, 8oz.<\/li>\n<li>Pinza de presi\u00f3n curva, 7&#8243;.<\/li>\n<li>Pinza pelacable, 8-3\/4&#8243;.<\/li>\n<li>Juego de llaves hexagonales tipo navaja, 9 pz.<\/li>\n<li>Llave ajustada cromada,8&#8243;.<\/li>\n<li>Pinza extensi\u00f3n 5 posiciones, 10&#8243;.<\/li>\n<li>Juego de desatornillador ambar con 9 puntas.<\/li>\n<li>Pinza para mec\u00e1nico, 6&#8243;.<\/li>\n<li>Charola de EVA.<\/li>\n<\/ul>\n","protected":false},"featured_media":1776,"comment_status":"open","ping_status":"closed","template":"","meta":{"site-sidebar-layout":"default","site-content-layout":"","ast-site-content-layout":"default","site-content-style":"default","site-sidebar-style":"default","ast-global-header-display":"","ast-banner-title-visibility":"","ast-main-header-display":"","ast-hfb-above-header-display":"","ast-hfb-below-header-display":"","ast-hfb-mobile-header-display":"","site-post-title":"","ast-breadcrumbs-content":"","ast-featured-img":"","footer-sml-layout":"","ast-disable-related-posts":"","theme-transparent-header-meta":"default","adv-header-id-meta":"","stick-header-meta":"","header-above-stick-meta":"","header-main-stick-meta":"","header-below-stick-meta":"","astra-migrate-meta-layouts":"set","ast-page-background-enabled":"default","ast-page-background-meta":{"desktop":{"background-color":"var(--ast-global-color-4)","background-image":"","background-repeat":"repeat","background-position":"center center","background-size":"auto","background-attachment":"scroll","background-type":"","background-media":"","overlay-type":"","overlay-color":"","overlay-opacity":"","overlay-gradient":""},"tablet":{"background-color":"","background-image":"","background-repeat":"repeat","background-position":"center center","background-size":"auto","background-attachment":"scroll","background-type":"","background-media":"","overlay-type":"","overlay-color":"","overlay-opacity":"","overlay-gradient":""},"mobile":{"background-color":"","background-image":"","background-repeat":"repeat","background-position":"center center","background-size":"auto","background-attachment":"scroll","background-type":"","background-media":"","overlay-type":"","overlay-color":"","overlay-opacity":"","overlay-gradient":""}},"ast-content-background-meta":{"desktop":{"background-color":"var(--ast-global-color-5)","background-image":"","background-repeat":"repeat","background-position":"center center","background-size":"auto","background-attachment":"scroll","background-type":"","background-media":"","overlay-type":"","overlay-color":"","overlay-opacity":"","overlay-gradient":""},"tablet":{"background-color":"var(--ast-global-color-5)","background-image":"","background-repeat":"repeat","background-position":"center center","background-size":"auto","background-attachment":"scroll","background-type":"","background-media":"","overlay-type":"","overlay-color":"","overlay-opacity":"","overlay-gradient":""},"mobile":{"background-color":"var(--ast-global-color-5)","background-image":"","background-repeat":"repeat","background-position":"center center","background-size":"auto","background-attachment":"scroll","background-type":"","background-media":"","overlay-type":"","overlay-color":"","overlay-opacity":"","overlay-gradient":""}}},"product_brand":[],"product_cat":[40,42],"product_tag":[],"class_list":{"0":"post-1775","1":"product","2":"type-product","3":"status-publish","4":"has-post-thumbnail","6":"product_cat-nuevos-lanzamientos","7":"product_cat-urrea","8":"desktop-align-left","9":"tablet-align-left","10":"mobile-align-left","12":"first","13":"outofstock","14":"shipping-taxable","15":"purchasable","16":"product-type-simple"},"jetpack_sharing_enabled":true,"_links":{"self":[{"href":"https:\/\/ferreterialafedecuicuilco.com\/index.php\/wp-json\/wp\/v2\/product\/1775","targetHints":{"allow":["GET"]}}],"collection":[{"href":"https:\/\/ferreterialafedecuicuilco.com\/index.php\/wp-json\/wp\/v2\/product"}],"about":[{"href":"https:\/\/ferreterialafedecuicuilco.com\/index.php\/wp-json\/wp\/v2\/types\/product"}],"replies":[{"embeddable":true,"href":"https:\/\/ferreterialafedecuicuilco.com\/index.php\/wp-json\/wp\/v2\/comments?post=1775"}],"wp:featuredmedia":[{"embeddable":true,"href":"https:\/\/ferreterialafedecuicuilco.com\/index.php\/wp-json\/wp\/v2\/media\/1776"}],"wp:attachment":[{"href":"https:\/\/ferreterialafedecuicuilco.com\/index.php\/wp-json\/wp\/v2\/media?parent=1775"}],"wp:term":[{"taxonomy":"product_brand","embeddable":true,"href":"https:\/\/ferreterialafedecuicuilco.com\/index.php\/wp-json\/wp\/v2\/product_brand?post=1775"},{"taxonomy":"product_cat","embeddable":true,"href":"https:\/\/ferreterialafedecuicuilco.com\/index.php\/wp-json\/wp\/v2\/product_cat?post=1775"},{"taxonomy":"product_tag","embeddable":true,"href":"https:\/\/ferreterialafedecuicuilco.com\/index.php\/wp-json\/wp\/v2\/product_tag?post=1775"}],"curies":[{"name":"wp","href":"https:\/\/api.w.org\/{rel}","templated":true}]}}