{"id":1779,"date":"2023-11-07T00:04:06","date_gmt":"2023-11-07T06:04:06","guid":{"rendered":"https:\/\/ferreterialafedecuicuilco.com\/?post_type=product&#038;p=1779"},"modified":"2025-06-19T12:13:23","modified_gmt":"2025-06-19T18:13:23","slug":"juego-de-destornilladores-con-mango-1000-v-combinados-6-piezas-urrea","status":"publish","type":"product","link":"https:\/\/ferreterialafedecuicuilco.com\/index.php\/producto\/juego-de-destornilladores-con-mango-1000-v-combinados-6-piezas-urrea\/","title":{"rendered":"Juego de destornilladores con mango 1000 V combinados, 6 piezas Urrea"},"content":{"rendered":"<p>Juego de herramienta combinada b\u00e1sica, con bandeja de espuma EVA dise\u00f1ada para fijarla en la pared, manteniendo la herramienta en su lugar aunque este en posici\u00f3n vertical. Juego de desatornilladores trimateriales, punta plana y punta Phillips con barra redonda.<\/p>\n<ul>\n<li>Medidas desatornilladores punta plana: 4&#8243;\u00bb, 5&#8243;\u00bb.<\/li>\n<li>Medidas destornilladores punta Phillips: PH#0 2-3\/8, PH#1 3-5\/32&#8243;\u00bb, PH#2 4&#8243;\u00bb, PH#36&#8243;\u00bb.<\/li>\n<li>Bandeja bicolor que permite identificar herramienta faltante adem\u00e1s de ser apilable a la pared.<\/li>\n<li>Bandeja de cubierta de Eva con espesor de 30mm con grabado de la medida del producto para la identificaci\u00f3n de este.<\/li>\n<li>Trabajos de electricista general. \u00ab<\/li>\n<li>Desatornillador trimaterial 1000 V punta plana, 5\/32&#215;4&#8243;.<\/li>\n<li>Desatornillador trimaterial 1000 V punta plana, 7\/32&#215;5&#8243;.<\/li>\n<li>Desatornillador trimaterial 1000 V punta PH#0, 2-3\/8&#8243;.<\/li>\n<li>Desatornillador trimaterial 1000 V punta PH#1, 3-5\/32&#8243;.<\/li>\n<li>Desatornillador trimaterial 1000 V punta PH#2, 4&#8243;. Desatornillador trimaterial 1000 V punta PH# 3, 6&#8243;.<\/li>\n<li>Charola de EVA.<\/li>\n<\/ul>\n","protected":false},"excerpt":{"rendered":"<p>Juego de herramienta combinada b\u00e1sica, con bandeja de espuma EVA dise\u00f1ada para fijarla en la pared, manteniendo la herramienta en su lugar aunque este en posici\u00f3n vertical. Juego de desatornilladores trimateriales, punta plana y punta Phillips con barra redonda.<\/p>\n<ul>\n<li>Medidas desatornilladores punta plana: 4&#8243;\u00bb, 5&#8243;\u00bb.<\/li>\n<li>Medidas destornilladores punta Phillips: PH#0 2-3\/8, PH#1 3-5\/32&#8243;\u00bb, PH#2 4&#8243;\u00bb, PH#36&#8243;\u00bb.<\/li>\n<li>Bandeja bicolor que permite identificar herramienta faltante adem\u00e1s de ser apilable a la pared.<\/li>\n<li>Bandeja de cubierta de Eva con espesor de 30mm con grabado de la medida del producto para la identificaci\u00f3n de este.<\/li>\n<li>Trabajos de electricista general. \u00ab<\/li>\n<li>Desatornillador trimaterial 1000 V punta plana, 5\/32&#215;4&#8243;.<\/li>\n<li>Desatornillador trimaterial 1000 V punta plana, 7\/32&#215;5&#8243;.<\/li>\n<li>Desatornillador trimaterial 1000 V punta PH#0, 2-3\/8&#8243;.<\/li>\n<li>Desatornillador trimaterial 1000 V punta PH#1, 3-5\/32&#8243;.<\/li>\n<li>Desatornillador trimaterial 1000 V punta PH#2, 4&#8243;. Desatornillador trimaterial 1000 V punta PH# 3, 6&#8243;.<\/li>\n<li>Charola de EVA.<\/li>\n<\/ul>\n","protected":false},"featured_media":1780,"comment_status":"open","ping_status":"closed","template":"","meta":{"site-sidebar-layout":"default","site-content-layout":"","ast-site-content-layout":"default","site-content-style":"default","site-sidebar-style":"default","ast-global-header-display":"","ast-banner-title-visibility":"","ast-main-header-display":"","ast-hfb-above-header-display":"","ast-hfb-below-header-display":"","ast-hfb-mobile-header-display":"","site-post-title":"","ast-breadcrumbs-content":"","ast-featured-img":"","footer-sml-layout":"","ast-disable-related-posts":"","theme-transparent-header-meta":"default","adv-header-id-meta":"","stick-header-meta":"","header-above-stick-meta":"","header-main-stick-meta":"","header-below-stick-meta":"","astra-migrate-meta-layouts":"set","ast-page-background-enabled":"default","ast-page-background-meta":{"desktop":{"background-color":"var(--ast-global-color-4)","background-image":"","background-repeat":"repeat","background-position":"center center","background-size":"auto","background-attachment":"scroll","background-type":"","background-media":"","overlay-type":"","overlay-color":"","overlay-opacity":"","overlay-gradient":""},"tablet":{"background-color":"","background-image":"","background-repeat":"repeat","background-position":"center center","background-size":"auto","background-attachment":"scroll","background-type":"","background-media":"","overlay-type":"","overlay-color":"","overlay-opacity":"","overlay-gradient":""},"mobile":{"background-color":"","background-image":"","background-repeat":"repeat","background-position":"center center","background-size":"auto","background-attachment":"scroll","background-type":"","background-media":"","overlay-type":"","overlay-color":"","overlay-opacity":"","overlay-gradient":""}},"ast-content-background-meta":{"desktop":{"background-color":"var(--ast-global-color-5)","background-image":"","background-repeat":"repeat","background-position":"center center","background-size":"auto","background-attachment":"scroll","background-type":"","background-media":"","overlay-type":"","overlay-color":"","overlay-opacity":"","overlay-gradient":""},"tablet":{"background-color":"var(--ast-global-color-5)","background-image":"","background-repeat":"repeat","background-position":"center center","background-size":"auto","background-attachment":"scroll","background-type":"","background-media":"","overlay-type":"","overlay-color":"","overlay-opacity":"","overlay-gradient":""},"mobile":{"background-color":"var(--ast-global-color-5)","background-image":"","background-repeat":"repeat","background-position":"center center","background-size":"auto","background-attachment":"scroll","background-type":"","background-media":"","overlay-type":"","overlay-color":"","overlay-opacity":"","overlay-gradient":""}}},"product_brand":[],"product_cat":[40,42],"product_tag":[],"class_list":{"0":"post-1779","1":"product","2":"type-product","3":"status-publish","4":"has-post-thumbnail","6":"product_cat-nuevos-lanzamientos","7":"product_cat-urrea","8":"desktop-align-left","9":"tablet-align-left","10":"mobile-align-left","12":"first","13":"instock","14":"shipping-taxable","15":"purchasable","16":"product-type-simple"},"jetpack_sharing_enabled":true,"_links":{"self":[{"href":"https:\/\/ferreterialafedecuicuilco.com\/index.php\/wp-json\/wp\/v2\/product\/1779","targetHints":{"allow":["GET"]}}],"collection":[{"href":"https:\/\/ferreterialafedecuicuilco.com\/index.php\/wp-json\/wp\/v2\/product"}],"about":[{"href":"https:\/\/ferreterialafedecuicuilco.com\/index.php\/wp-json\/wp\/v2\/types\/product"}],"replies":[{"embeddable":true,"href":"https:\/\/ferreterialafedecuicuilco.com\/index.php\/wp-json\/wp\/v2\/comments?post=1779"}],"wp:featuredmedia":[{"embeddable":true,"href":"https:\/\/ferreterialafedecuicuilco.com\/index.php\/wp-json\/wp\/v2\/media\/1780"}],"wp:attachment":[{"href":"https:\/\/ferreterialafedecuicuilco.com\/index.php\/wp-json\/wp\/v2\/media?parent=1779"}],"wp:term":[{"taxonomy":"product_brand","embeddable":true,"href":"https:\/\/ferreterialafedecuicuilco.com\/index.php\/wp-json\/wp\/v2\/product_brand?post=1779"},{"taxonomy":"product_cat","embeddable":true,"href":"https:\/\/ferreterialafedecuicuilco.com\/index.php\/wp-json\/wp\/v2\/product_cat?post=1779"},{"taxonomy":"product_tag","embeddable":true,"href":"https:\/\/ferreterialafedecuicuilco.com\/index.php\/wp-json\/wp\/v2\/product_tag?post=1779"}],"curies":[{"name":"wp","href":"https:\/\/api.w.org\/{rel}","templated":true}]}}