{"id":1843,"date":"2023-11-10T08:21:24","date_gmt":"2023-11-10T14:21:24","guid":{"rendered":"https:\/\/ferreterialafedecuicuilco.com\/?post_type=product&#038;p=1843"},"modified":"2025-06-19T12:08:09","modified_gmt":"2025-06-19T18:08:09","slug":"accesorio-de-seguridad-para-puerta-acabado-niquel-satinado-lock","status":"publish","type":"product","link":"https:\/\/ferreterialafedecuicuilco.com\/index.php\/producto\/accesorio-de-seguridad-para-puerta-acabado-niquel-satinado-lock\/","title":{"rendered":"Accesorio de seguridad para puerta acabado n\u00edquel satinado Lock"},"content":{"rendered":"<p>-Acabado: Cromo Satinado<br \/>\n-Largo Contra Mm: 24 Mm<br \/>\n-Precio De Venta Libre: Si<\/p>\n","protected":false},"excerpt":{"rendered":"<p>-Accesorio de seguridad para puerta cromo satinado Lock.<br \/>\n-Fabricado en zamak.<br \/>\n-Acabado cromo satinado.<br \/>\n-Accesorio de seguridad ideal para puertas de entrada principal en oficinas y casas.<br \/>\n-F\u00e1cil y r\u00e1pida instalaci\u00f3n.<\/p>\n","protected":false},"featured_media":2975,"comment_status":"open","ping_status":"closed","template":"","meta":{"site-sidebar-layout":"default","site-content-layout":"","ast-site-content-layout":"default","site-content-style":"default","site-sidebar-style":"default","ast-global-header-display":"","ast-banner-title-visibility":"","ast-main-header-display":"","ast-hfb-above-header-display":"","ast-hfb-below-header-display":"","ast-hfb-mobile-header-display":"","site-post-title":"","ast-breadcrumbs-content":"","ast-featured-img":"","footer-sml-layout":"","ast-disable-related-posts":"","theme-transparent-header-meta":"default","adv-header-id-meta":"","stick-header-meta":"","header-above-stick-meta":"","header-main-stick-meta":"","header-below-stick-meta":"","astra-migrate-meta-layouts":"set","ast-page-background-enabled":"default","ast-page-background-meta":{"desktop":{"background-color":"var(--ast-global-color-4)","background-image":"","background-repeat":"repeat","background-position":"center center","background-size":"auto","background-attachment":"scroll","background-type":"","background-media":"","overlay-type":"","overlay-color":"","overlay-opacity":"","overlay-gradient":""},"tablet":{"background-color":"","background-image":"","background-repeat":"repeat","background-position":"center center","background-size":"auto","background-attachment":"scroll","background-type":"","background-media":"","overlay-type":"","overlay-color":"","overlay-opacity":"","overlay-gradient":""},"mobile":{"background-color":"","background-image":"","background-repeat":"repeat","background-position":"center center","background-size":"auto","background-attachment":"scroll","background-type":"","background-media":"","overlay-type":"","overlay-color":"","overlay-opacity":"","overlay-gradient":""}},"ast-content-background-meta":{"desktop":{"background-color":"var(--ast-global-color-5)","background-image":"","background-repeat":"repeat","background-position":"center center","background-size":"auto","background-attachment":"scroll","background-type":"","background-media":"","overlay-type":"","overlay-color":"","overlay-opacity":"","overlay-gradient":""},"tablet":{"background-color":"var(--ast-global-color-5)","background-image":"","background-repeat":"repeat","background-position":"center center","background-size":"auto","background-attachment":"scroll","background-type":"","background-media":"","overlay-type":"","overlay-color":"","overlay-opacity":"","overlay-gradient":""},"mobile":{"background-color":"var(--ast-global-color-5)","background-image":"","background-repeat":"repeat","background-position":"center center","background-size":"auto","background-attachment":"scroll","background-type":"","background-media":"","overlay-type":"","overlay-color":"","overlay-opacity":"","overlay-gradient":""}}},"product_brand":[],"product_cat":[46,47],"product_tag":[],"class_list":{"0":"post-1843","1":"product","2":"type-product","3":"status-publish","4":"has-post-thumbnail","6":"product_cat-cerrajeria","7":"product_cat-lock","8":"desktop-align-left","9":"tablet-align-left","10":"mobile-align-left","12":"first","13":"instock","14":"shipping-taxable","15":"purchasable","16":"product-type-simple"},"jetpack_sharing_enabled":true,"_links":{"self":[{"href":"https:\/\/ferreterialafedecuicuilco.com\/index.php\/wp-json\/wp\/v2\/product\/1843","targetHints":{"allow":["GET"]}}],"collection":[{"href":"https:\/\/ferreterialafedecuicuilco.com\/index.php\/wp-json\/wp\/v2\/product"}],"about":[{"href":"https:\/\/ferreterialafedecuicuilco.com\/index.php\/wp-json\/wp\/v2\/types\/product"}],"replies":[{"embeddable":true,"href":"https:\/\/ferreterialafedecuicuilco.com\/index.php\/wp-json\/wp\/v2\/comments?post=1843"}],"wp:featuredmedia":[{"embeddable":true,"href":"https:\/\/ferreterialafedecuicuilco.com\/index.php\/wp-json\/wp\/v2\/media\/2975"}],"wp:attachment":[{"href":"https:\/\/ferreterialafedecuicuilco.com\/index.php\/wp-json\/wp\/v2\/media?parent=1843"}],"wp:term":[{"taxonomy":"product_brand","embeddable":true,"href":"https:\/\/ferreterialafedecuicuilco.com\/index.php\/wp-json\/wp\/v2\/product_brand?post=1843"},{"taxonomy":"product_cat","embeddable":true,"href":"https:\/\/ferreterialafedecuicuilco.com\/index.php\/wp-json\/wp\/v2\/product_cat?post=1843"},{"taxonomy":"product_tag","embeddable":true,"href":"https:\/\/ferreterialafedecuicuilco.com\/index.php\/wp-json\/wp\/v2\/product_tag?post=1843"}],"curies":[{"name":"wp","href":"https:\/\/api.w.org\/{rel}","templated":true}]}}