{"id":2167,"date":"2023-11-15T22:58:48","date_gmt":"2023-11-16T04:58:48","guid":{"rendered":"https:\/\/ferreterialafedecuicuilco.com\/?post_type=product&#038;p=2167"},"modified":"2024-03-08T15:40:12","modified_gmt":"2024-03-08T21:40:12","slug":"cinta-de-silicon-de-autofusion-negro-3-m-x-2-5-cm-urrea","status":"publish","type":"product","link":"https:\/\/ferreterialafedecuicuilco.com\/index.php\/producto\/cinta-de-silicon-de-autofusion-negro-3-m-x-2-5-cm-urrea\/","title":{"rendered":"Cinta de silic\u00f3n de autofusi\u00f3n negro 3 m x 2.5 cm Urrea"},"content":{"rendered":"<p>-Adhesivo: Silicon Autofusion<br \/>\n-Ancho: 2.5 Cm<br \/>\n-Color: Negro<br \/>\n-Elongaci\u00f3n: 3<br \/>\n-Forma: Rollo<br \/>\n-Grosor: 0.5Mm<br \/>\n-Longitud: 3 M<br \/>\n-Material: Polietileno<br \/>\n-Resistencia A La Tensi\u00f3n: 0.8 Mpa<br \/>\n-Temperatura De Desempe\u00f1o: 5 A 45\u00b0<br \/>\n-Tiempo De Autofusion: 10 Min.<\/p>\n","protected":false},"excerpt":{"rendered":"<p>-Cinta de silic\u00f3n de auto fusi\u00f3n, 1&#8243; x 3m color negro Urrea<br \/>\n-Elongaci\u00f3n de hasta 300%. Temperatura para aplicaci\u00f3n: 5 a 45\u00b0C<br \/>\n-A\u00edsla hasta 8000V. Tiempo de auto fusi\u00f3n de 10 min. Tiempo de fusi\u00f3n total de 24hrs<br \/>\n-Resistencia diel\u00e9ctrica de hasta 30kV\/mm funciona en un rango de temperaturas desde -60 hasta 200\u00b0C,  resistencia a la tensi\u00f3n de 0.8MPa<br \/>\n-Cinta multiprop\u00f3sitos,  sella de agua, gas y a\u00edsla hasta 8000v<\/p>\n","protected":false},"featured_media":3137,"comment_status":"open","ping_status":"closed","template":"","meta":{"site-sidebar-layout":"default","site-content-layout":"","ast-site-content-layout":"default","site-content-style":"default","site-sidebar-style":"default","ast-global-header-display":"","ast-banner-title-visibility":"","ast-main-header-display":"","ast-hfb-above-header-display":"","ast-hfb-below-header-display":"","ast-hfb-mobile-header-display":"","site-post-title":"","ast-breadcrumbs-content":"","ast-featured-img":"","footer-sml-layout":"","ast-disable-related-posts":"","theme-transparent-header-meta":"default","adv-header-id-meta":"","stick-header-meta":"","header-above-stick-meta":"","header-main-stick-meta":"","header-below-stick-meta":"","astra-migrate-meta-layouts":"set","ast-page-background-enabled":"default","ast-page-background-meta":{"desktop":{"background-color":"var(--ast-global-color-4)","background-image":"","background-repeat":"repeat","background-position":"center center","background-size":"auto","background-attachment":"scroll","background-type":"","background-media":"","overlay-type":"","overlay-color":"","overlay-opacity":"","overlay-gradient":""},"tablet":{"background-color":"","background-image":"","background-repeat":"repeat","background-position":"center center","background-size":"auto","background-attachment":"scroll","background-type":"","background-media":"","overlay-type":"","overlay-color":"","overlay-opacity":"","overlay-gradient":""},"mobile":{"background-color":"","background-image":"","background-repeat":"repeat","background-position":"center center","background-size":"auto","background-attachment":"scroll","background-type":"","background-media":"","overlay-type":"","overlay-color":"","overlay-opacity":"","overlay-gradient":""}},"ast-content-background-meta":{"desktop":{"background-color":"var(--ast-global-color-5)","background-image":"","background-repeat":"repeat","background-position":"center center","background-size":"auto","background-attachment":"scroll","background-type":"","background-media":"","overlay-type":"","overlay-color":"","overlay-opacity":"","overlay-gradient":""},"tablet":{"background-color":"var(--ast-global-color-5)","background-image":"","background-repeat":"repeat","background-position":"center center","background-size":"auto","background-attachment":"scroll","background-type":"","background-media":"","overlay-type":"","overlay-color":"","overlay-opacity":"","overlay-gradient":""},"mobile":{"background-color":"var(--ast-global-color-5)","background-image":"","background-repeat":"repeat","background-position":"center center","background-size":"auto","background-attachment":"scroll","background-type":"","background-media":"","overlay-type":"","overlay-color":"","overlay-opacity":"","overlay-gradient":""}}},"product_brand":[],"product_cat":[24,42],"product_tag":[],"class_list":{"0":"post-2167","1":"product","2":"type-product","3":"status-publish","4":"has-post-thumbnail","6":"product_cat-iluminacion-y-material-electrico","7":"product_cat-urrea","8":"desktop-align-left","9":"tablet-align-left","10":"mobile-align-left","12":"first","13":"instock","14":"shipping-taxable","15":"purchasable","16":"product-type-simple"},"jetpack_sharing_enabled":true,"_links":{"self":[{"href":"https:\/\/ferreterialafedecuicuilco.com\/index.php\/wp-json\/wp\/v2\/product\/2167","targetHints":{"allow":["GET"]}}],"collection":[{"href":"https:\/\/ferreterialafedecuicuilco.com\/index.php\/wp-json\/wp\/v2\/product"}],"about":[{"href":"https:\/\/ferreterialafedecuicuilco.com\/index.php\/wp-json\/wp\/v2\/types\/product"}],"replies":[{"embeddable":true,"href":"https:\/\/ferreterialafedecuicuilco.com\/index.php\/wp-json\/wp\/v2\/comments?post=2167"}],"wp:featuredmedia":[{"embeddable":true,"href":"https:\/\/ferreterialafedecuicuilco.com\/index.php\/wp-json\/wp\/v2\/media\/3137"}],"wp:attachment":[{"href":"https:\/\/ferreterialafedecuicuilco.com\/index.php\/wp-json\/wp\/v2\/media?parent=2167"}],"wp:term":[{"taxonomy":"product_brand","embeddable":true,"href":"https:\/\/ferreterialafedecuicuilco.com\/index.php\/wp-json\/wp\/v2\/product_brand?post=2167"},{"taxonomy":"product_cat","embeddable":true,"href":"https:\/\/ferreterialafedecuicuilco.com\/index.php\/wp-json\/wp\/v2\/product_cat?post=2167"},{"taxonomy":"product_tag","embeddable":true,"href":"https:\/\/ferreterialafedecuicuilco.com\/index.php\/wp-json\/wp\/v2\/product_tag?post=2167"}],"curies":[{"name":"wp","href":"https:\/\/api.w.org\/{rel}","templated":true}]}}