{"id":3754,"date":"2024-05-16T14:10:53","date_gmt":"2024-05-16T20:10:53","guid":{"rendered":"https:\/\/ferreterialafedecuicuilco.com\/?post_type=product&#038;p=3754"},"modified":"2024-08-10T04:56:29","modified_gmt":"2024-08-10T10:56:29","slug":"cortatubos-de-cadena-3-4-a-4-1-2","status":"publish","type":"product","link":"https:\/\/ferreterialafedecuicuilco.com\/index.php\/producto\/cortatubos-de-cadena-3-4-a-4-1-2\/","title":{"rendered":"Cortatubos de cadena 3\/4&#8243; a 4-1\/2&#8243;"},"content":{"rendered":"<ul>\n<li>13 cuchillas de aleaci\u00f3n de acero<\/li>\n<li>Cortan tubos de pared delgada hasta 2.6mm<\/li>\n<li>Herramienta que corta tubos de acero inoxidable, cobre, pvc, etc., de una manera muy r\u00e1pida y c\u00f3moda para el usuario, en lugares de dif\u00edcil acceso<\/li>\n<li>Tornillo de mariposa: permite un avance manual suave y progresivo de corte<\/li>\n<li>Elimina el esfuerzo de apriete manual y facilita la alineaci\u00f3n del corte. El mecanismo de bloqueo elimina el apriete lo que reduce el riesgo de movimientos laterales y un corte desalineado<\/li>\n<li>Color: Rojo<\/li>\n<li>Cuerpo: Acero Forjado<\/li>\n<li>Longitud: 12&#8243;<\/li>\n<li>Pared Max.: 6 Mm<\/li>\n<li>Uso: Pesado<\/li>\n<\/ul>\n","protected":false},"excerpt":{"rendered":"<ul>\n<li>13 cuchillas de aleaci\u00f3n de acero<\/li>\n<li>Cortan tubos de pared delgada hasta 2.6mm<\/li>\n<li>Herramienta que corta tubos de acero inoxidable, cobre, pvc, etc., de una manera muy r\u00e1pida y c\u00f3moda para el usuario, en lugares de dif\u00edcil acceso<\/li>\n<li>Tornillo de mariposa: permite un avance manual suave y progresivo de corte<\/li>\n<li>Elimina el esfuerzo de apriete manual y facilita la alineaci\u00f3n del corte. El mecanismo de bloqueo elimina el apriete lo que reduce el riesgo de movimientos laterales y un corte desalineado<\/li>\n<li>Color: Rojo<\/li>\n<li>Cuerpo: Acero Forjado<\/li>\n<li>Longitud: 12&#8243;<\/li>\n<li>Pared Max.: 6 Mm<\/li>\n<li>Uso: Pesado<\/li>\n<\/ul>\n","protected":false},"featured_media":3755,"comment_status":"open","ping_status":"closed","template":"","meta":{"site-sidebar-layout":"default","site-content-layout":"","ast-site-content-layout":"default","site-content-style":"default","site-sidebar-style":"default","ast-global-header-display":"","ast-banner-title-visibility":"","ast-main-header-display":"","ast-hfb-above-header-display":"","ast-hfb-below-header-display":"","ast-hfb-mobile-header-display":"","site-post-title":"","ast-breadcrumbs-content":"","ast-featured-img":"","footer-sml-layout":"","ast-disable-related-posts":"","theme-transparent-header-meta":"default","adv-header-id-meta":"","stick-header-meta":"","header-above-stick-meta":"","header-main-stick-meta":"","header-below-stick-meta":"","astra-migrate-meta-layouts":"set","ast-page-background-enabled":"default","ast-page-background-meta":{"desktop":{"background-color":"var(--ast-global-color-4)","background-image":"","background-repeat":"repeat","background-position":"center center","background-size":"auto","background-attachment":"scroll","background-type":"","background-media":"","overlay-type":"","overlay-color":"","overlay-opacity":"","overlay-gradient":""},"tablet":{"background-color":"","background-image":"","background-repeat":"repeat","background-position":"center center","background-size":"auto","background-attachment":"scroll","background-type":"","background-media":"","overlay-type":"","overlay-color":"","overlay-opacity":"","overlay-gradient":""},"mobile":{"background-color":"","background-image":"","background-repeat":"repeat","background-position":"center center","background-size":"auto","background-attachment":"scroll","background-type":"","background-media":"","overlay-type":"","overlay-color":"","overlay-opacity":"","overlay-gradient":""}},"ast-content-background-meta":{"desktop":{"background-color":"var(--ast-global-color-5)","background-image":"","background-repeat":"repeat","background-position":"center center","background-size":"auto","background-attachment":"scroll","background-type":"","background-media":"","overlay-type":"","overlay-color":"","overlay-opacity":"","overlay-gradient":""},"tablet":{"background-color":"var(--ast-global-color-5)","background-image":"","background-repeat":"repeat","background-position":"center center","background-size":"auto","background-attachment":"scroll","background-type":"","background-media":"","overlay-type":"","overlay-color":"","overlay-opacity":"","overlay-gradient":""},"mobile":{"background-color":"var(--ast-global-color-5)","background-image":"","background-repeat":"repeat","background-position":"center center","background-size":"auto","background-attachment":"scroll","background-type":"","background-media":"","overlay-type":"","overlay-color":"","overlay-opacity":"","overlay-gradient":""}}},"product_brand":[],"product_cat":[57,42],"product_tag":[],"class_list":{"0":"post-3754","1":"product","2":"type-product","3":"status-publish","4":"has-post-thumbnail","6":"product_cat-herremientas-para-tubos-cortatubos","7":"product_cat-urrea","8":"desktop-align-left","9":"tablet-align-left","10":"mobile-align-left","12":"first","13":"instock","14":"shipping-taxable","15":"purchasable","16":"product-type-simple"},"jetpack_sharing_enabled":true,"_links":{"self":[{"href":"https:\/\/ferreterialafedecuicuilco.com\/index.php\/wp-json\/wp\/v2\/product\/3754","targetHints":{"allow":["GET"]}}],"collection":[{"href":"https:\/\/ferreterialafedecuicuilco.com\/index.php\/wp-json\/wp\/v2\/product"}],"about":[{"href":"https:\/\/ferreterialafedecuicuilco.com\/index.php\/wp-json\/wp\/v2\/types\/product"}],"replies":[{"embeddable":true,"href":"https:\/\/ferreterialafedecuicuilco.com\/index.php\/wp-json\/wp\/v2\/comments?post=3754"}],"wp:featuredmedia":[{"embeddable":true,"href":"https:\/\/ferreterialafedecuicuilco.com\/index.php\/wp-json\/wp\/v2\/media\/3755"}],"wp:attachment":[{"href":"https:\/\/ferreterialafedecuicuilco.com\/index.php\/wp-json\/wp\/v2\/media?parent=3754"}],"wp:term":[{"taxonomy":"product_brand","embeddable":true,"href":"https:\/\/ferreterialafedecuicuilco.com\/index.php\/wp-json\/wp\/v2\/product_brand?post=3754"},{"taxonomy":"product_cat","embeddable":true,"href":"https:\/\/ferreterialafedecuicuilco.com\/index.php\/wp-json\/wp\/v2\/product_cat?post=3754"},{"taxonomy":"product_tag","embeddable":true,"href":"https:\/\/ferreterialafedecuicuilco.com\/index.php\/wp-json\/wp\/v2\/product_tag?post=3754"}],"curies":[{"name":"wp","href":"https:\/\/api.w.org\/{rel}","templated":true}]}}