{"id":3756,"date":"2024-05-17T14:33:09","date_gmt":"2024-05-17T20:33:09","guid":{"rendered":"https:\/\/ferreterialafedecuicuilco.com\/?post_type=product&#038;p=3756"},"modified":"2024-12-01T00:01:19","modified_gmt":"2024-12-01T06:01:19","slug":"nivel-laser-automatico-2-lineas-360","status":"publish","type":"product","link":"https:\/\/ferreterialafedecuicuilco.com\/index.php\/producto\/nivel-laser-automatico-2-lineas-360\/","title":{"rendered":"Nivel l\u00e1ser autom\u00e1tico 2 l\u00edneas 360\u00b0"},"content":{"rendered":"<ul>\n<li>Rango de trabajo: 10 m<\/li>\n<li>Diodo l\u00e1ser: 635 Nm<\/li>\n<li>Temperatura de trabajo: 0-40 C\u00b0<\/li>\n<li>Clase de l\u00e1ser: 2<\/li>\n<li>Precisi\u00f3n del laser: \u00b10,5 mm\/m\u00bb<\/li>\n<li>Accesorios Incluidos: Indicador De L\u00edneas Niveladas<\/li>\n<li>Incluye: 2 Bater\u00edas Aaa, Base, Lentes Protectores, Gu\u00eda Par<\/li>\n<li>N\u00famero De L\u00edneas: 2<\/li>\n<li>Peso: 238 G<\/li>\n<li>Precisi\u00f3n: 0.5Mm\/M<\/li>\n<li>Temperatura De Trabajo: 0-40\u00b0C<\/li>\n<li>Tiempo De Operaci\u00f3n: 15 Hrs<\/li>\n<li>Tipo De Nivelaci\u00f3n: L\u00e1ser<\/li>\n<li>Rango De Trabajo: 10 M<\/li>\n<li>Tipo De Interruptor: Cambio De Funci\u00f3n Y Bloqueo<\/li>\n<li>Poder De Laser: &lt;1 Mw<\/li>\n<li>Clase De Laser: Clase 2<\/li>\n<li>Ancho De L\u00ednea Laser: 3Mm\/5M<\/li>\n<li>Di\u00e1metro Punto Laser: N\/A\u00bb 1 nivel laser, 2baterias AA, 1 base para nivel laser, 1 lentes protectores, 1 gu\u00eda-objetivo para laser, 1 manual usuario<\/li>\n<\/ul>\n","protected":false},"excerpt":{"rendered":"<ul>\n<li>[embed]https:\/\/www.youtube.com\/watch?v=15_Xn7tUUlY[\/embed]\n<p>Rango de trabajo: 10 m<\/li>\n<li>Diodo l\u00e1ser: 635 Nm<\/li>\n<li>Temperatura de trabajo: 0-40 C\u00b0<\/li>\n<li>Clase de l\u00e1ser: 2<\/li>\n<li>Precisi\u00f3n del laser: \u00b10,5 mm\/m\u00bb<\/li>\n<li>Accesorios Incluidos: Indicador De L\u00edneas Niveladas<\/li>\n<li>Incluye: 2 Bater\u00edas Aaa, Base, Lentes Protectores, Gu\u00eda Par<\/li>\n<li>N\u00famero De L\u00edneas: 2<\/li>\n<li>Peso: 238 G<\/li>\n<li>Precisi\u00f3n: 0.5Mm\/M<\/li>\n<li>Temperatura De Trabajo: 0-40\u00b0C<\/li>\n<li>Tiempo De Operaci\u00f3n: 15 Hrs<\/li>\n<li>Tipo De Nivelaci\u00f3n: L\u00e1ser<\/li>\n<li>Rango De Trabajo: 10 M<\/li>\n<li>Tipo De Interruptor: Cambio De Funci\u00f3n Y Bloqueo<\/li>\n<li>Poder De Laser: &lt;1 Mw<\/li>\n<li>Clase De Laser: Clase 2<\/li>\n<li>Ancho De L\u00ednea Laser: 3Mm\/5M<\/li>\n<li>Di\u00e1metro Punto Laser: N\/A\u00bb 1 nivel laser, 2baterias AA, 1 base para nivel laser, 1 lentes protectores, 1 gu\u00eda-objetivo para laser, 1 manual usuario<\/li>\n<\/ul>\n","protected":false},"featured_media":3781,"comment_status":"open","ping_status":"closed","template":"","meta":{"site-sidebar-layout":"default","site-content-layout":"","ast-site-content-layout":"default","site-content-style":"default","site-sidebar-style":"default","ast-global-header-display":"","ast-banner-title-visibility":"","ast-main-header-display":"","ast-hfb-above-header-display":"","ast-hfb-below-header-display":"","ast-hfb-mobile-header-display":"","site-post-title":"","ast-breadcrumbs-content":"","ast-featured-img":"","footer-sml-layout":"","ast-disable-related-posts":"","theme-transparent-header-meta":"default","adv-header-id-meta":"","stick-header-meta":"","header-above-stick-meta":"","header-main-stick-meta":"","header-below-stick-meta":"","astra-migrate-meta-layouts":"set","ast-page-background-enabled":"default","ast-page-background-meta":{"desktop":{"background-color":"var(--ast-global-color-4)","background-image":"","background-repeat":"repeat","background-position":"center center","background-size":"auto","background-attachment":"scroll","background-type":"","background-media":"","overlay-type":"","overlay-color":"","overlay-opacity":"","overlay-gradient":""},"tablet":{"background-color":"","background-image":"","background-repeat":"repeat","background-position":"center center","background-size":"auto","background-attachment":"scroll","background-type":"","background-media":"","overlay-type":"","overlay-color":"","overlay-opacity":"","overlay-gradient":""},"mobile":{"background-color":"","background-image":"","background-repeat":"repeat","background-position":"center center","background-size":"auto","background-attachment":"scroll","background-type":"","background-media":"","overlay-type":"","overlay-color":"","overlay-opacity":"","overlay-gradient":""}},"ast-content-background-meta":{"desktop":{"background-color":"var(--ast-global-color-5)","background-image":"","background-repeat":"repeat","background-position":"center center","background-size":"auto","background-attachment":"scroll","background-type":"","background-media":"","overlay-type":"","overlay-color":"","overlay-opacity":"","overlay-gradient":""},"tablet":{"background-color":"var(--ast-global-color-5)","background-image":"","background-repeat":"repeat","background-position":"center center","background-size":"auto","background-attachment":"scroll","background-type":"","background-media":"","overlay-type":"","overlay-color":"","overlay-opacity":"","overlay-gradient":""},"mobile":{"background-color":"var(--ast-global-color-5)","background-image":"","background-repeat":"repeat","background-position":"center center","background-size":"auto","background-attachment":"scroll","background-type":"","background-media":"","overlay-type":"","overlay-color":"","overlay-opacity":"","overlay-gradient":""}}},"product_brand":[],"product_cat":[22,23,42],"product_tag":[],"class_list":{"0":"post-3756","1":"product","2":"type-product","3":"status-publish","4":"has-post-thumbnail","6":"product_cat-dignostico","7":"product_cat-medicion-y-trazo","8":"product_cat-urrea","9":"desktop-align-left","10":"tablet-align-left","11":"mobile-align-left","13":"first","14":"instock","15":"shipping-taxable","16":"purchasable","17":"product-type-simple"},"jetpack_sharing_enabled":true,"_links":{"self":[{"href":"https:\/\/ferreterialafedecuicuilco.com\/index.php\/wp-json\/wp\/v2\/product\/3756","targetHints":{"allow":["GET"]}}],"collection":[{"href":"https:\/\/ferreterialafedecuicuilco.com\/index.php\/wp-json\/wp\/v2\/product"}],"about":[{"href":"https:\/\/ferreterialafedecuicuilco.com\/index.php\/wp-json\/wp\/v2\/types\/product"}],"replies":[{"embeddable":true,"href":"https:\/\/ferreterialafedecuicuilco.com\/index.php\/wp-json\/wp\/v2\/comments?post=3756"}],"wp:featuredmedia":[{"embeddable":true,"href":"https:\/\/ferreterialafedecuicuilco.com\/index.php\/wp-json\/wp\/v2\/media\/3781"}],"wp:attachment":[{"href":"https:\/\/ferreterialafedecuicuilco.com\/index.php\/wp-json\/wp\/v2\/media?parent=3756"}],"wp:term":[{"taxonomy":"product_brand","embeddable":true,"href":"https:\/\/ferreterialafedecuicuilco.com\/index.php\/wp-json\/wp\/v2\/product_brand?post=3756"},{"taxonomy":"product_cat","embeddable":true,"href":"https:\/\/ferreterialafedecuicuilco.com\/index.php\/wp-json\/wp\/v2\/product_cat?post=3756"},{"taxonomy":"product_tag","embeddable":true,"href":"https:\/\/ferreterialafedecuicuilco.com\/index.php\/wp-json\/wp\/v2\/product_tag?post=3756"}],"curies":[{"name":"wp","href":"https:\/\/api.w.org\/{rel}","templated":true}]}}