{"id":3757,"date":"2024-05-16T14:45:48","date_gmt":"2024-05-16T20:45:48","guid":{"rendered":"https:\/\/ferreterialafedecuicuilco.com\/?post_type=product&#038;p=3757"},"modified":"2024-05-16T14:45:48","modified_gmt":"2024-05-16T20:45:48","slug":"mini-esmeriladora-angular-4-1-2-750-w-120-v","status":"publish","type":"product","link":"https:\/\/ferreterialafedecuicuilco.com\/index.php\/producto\/mini-esmeriladora-angular-4-1-2-750-w-120-v\/","title":{"rendered":"Mini esmeriladora angular 4-1\/2&#8243; 750 W 120 V"},"content":{"rendered":"<ul>\n<li>Mini esmeriladora angular. Capacidad de disco 4-1\/2&#8243;.<\/li>\n<li>Potencia 750 W. Voltaje 120 V. Frecuencia 60 Hz.<\/li>\n<li>Tiempo de operaci\u00f3n 40 minutos por 10 minutos de descanso. Peso 1.7 kg.<\/li>\n<li>Velocidad del disco 11,000. Consumo energ\u00e9tico 0.53 kWh.<\/li>\n<li>Corriente m\u00e1xima 10 A. Tipos de aislamiento IP20. Cable de 2 m.<\/li>\n<li>Interruptor de encendido con dispositivo de traba, y empu\u00f1adura adicional ajustable.<\/li>\n<li>Motor montado con baleros recubiertos de neopreno que permiten una operaci\u00f3n m\u00e1s suave y eficiente.<\/li>\n<li>Ideal para desbaste de cordones de soldadura, as\u00ed como preparaci\u00f3n de superficies met\u00e1licas.<\/li>\n<\/ul>\n","protected":false},"excerpt":{"rendered":"<ul>\n<li>Mini esmeriladora angular. Capacidad de disco 4-1\/2&#8243;.<\/li>\n<li>Potencia 750 W. Voltaje 120 V. Frecuencia 60 Hz.<\/li>\n<li>Tiempo de operaci\u00f3n 40 minutos por 10 minutos de descanso. Peso 1.7 kg.<\/li>\n<li>Velocidad del disco 11,000. Consumo energ\u00e9tico 0.53 kWh.<\/li>\n<li>Corriente m\u00e1xima 10 A. Tipos de aislamiento IP20. Cable de 2 m.<\/li>\n<li>Interruptor de encendido con dispositivo de traba, y empu\u00f1adura adicional ajustable.<\/li>\n<li>Motor montado con baleros recubiertos de neopreno que permiten una operaci\u00f3n m\u00e1s suave y eficiente.<\/li>\n<li>Ideal para desbaste de cordones de soldadura, as\u00ed como preparaci\u00f3n de superficies met\u00e1licas.<\/li>\n<\/ul>\n","protected":false},"featured_media":3758,"comment_status":"open","ping_status":"closed","template":"","meta":{"site-sidebar-layout":"default","site-content-layout":"","ast-site-content-layout":"default","site-content-style":"default","site-sidebar-style":"default","ast-global-header-display":"","ast-banner-title-visibility":"","ast-main-header-display":"","ast-hfb-above-header-display":"","ast-hfb-below-header-display":"","ast-hfb-mobile-header-display":"","site-post-title":"","ast-breadcrumbs-content":"","ast-featured-img":"","footer-sml-layout":"","ast-disable-related-posts":"","theme-transparent-header-meta":"default","adv-header-id-meta":"","stick-header-meta":"","header-above-stick-meta":"","header-main-stick-meta":"","header-below-stick-meta":"","astra-migrate-meta-layouts":"set","ast-page-background-enabled":"default","ast-page-background-meta":{"desktop":{"background-color":"var(--ast-global-color-4)","background-image":"","background-repeat":"repeat","background-position":"center center","background-size":"auto","background-attachment":"scroll","background-type":"","background-media":"","overlay-type":"","overlay-color":"","overlay-opacity":"","overlay-gradient":""},"tablet":{"background-color":"","background-image":"","background-repeat":"repeat","background-position":"center center","background-size":"auto","background-attachment":"scroll","background-type":"","background-media":"","overlay-type":"","overlay-color":"","overlay-opacity":"","overlay-gradient":""},"mobile":{"background-color":"","background-image":"","background-repeat":"repeat","background-position":"center center","background-size":"auto","background-attachment":"scroll","background-type":"","background-media":"","overlay-type":"","overlay-color":"","overlay-opacity":"","overlay-gradient":""}},"ast-content-background-meta":{"desktop":{"background-color":"var(--ast-global-color-5)","background-image":"","background-repeat":"repeat","background-position":"center center","background-size":"auto","background-attachment":"scroll","background-type":"","background-media":"","overlay-type":"","overlay-color":"","overlay-opacity":"","overlay-gradient":""},"tablet":{"background-color":"var(--ast-global-color-5)","background-image":"","background-repeat":"repeat","background-position":"center center","background-size":"auto","background-attachment":"scroll","background-type":"","background-media":"","overlay-type":"","overlay-color":"","overlay-opacity":"","overlay-gradient":""},"mobile":{"background-color":"var(--ast-global-color-5)","background-image":"","background-repeat":"repeat","background-position":"center center","background-size":"auto","background-attachment":"scroll","background-type":"","background-media":"","overlay-type":"","overlay-color":"","overlay-opacity":"","overlay-gradient":""}}},"product_brand":[],"product_cat":[21,42],"product_tag":[],"class_list":{"0":"post-3757","1":"product","2":"type-product","3":"status-publish","4":"has-post-thumbnail","6":"product_cat-herramientas-electricas-portatiles","7":"product_cat-urrea","8":"desktop-align-left","9":"tablet-align-left","10":"mobile-align-left","12":"first","13":"instock","14":"shipping-taxable","15":"purchasable","16":"product-type-simple"},"jetpack_sharing_enabled":true,"_links":{"self":[{"href":"https:\/\/ferreterialafedecuicuilco.com\/index.php\/wp-json\/wp\/v2\/product\/3757","targetHints":{"allow":["GET"]}}],"collection":[{"href":"https:\/\/ferreterialafedecuicuilco.com\/index.php\/wp-json\/wp\/v2\/product"}],"about":[{"href":"https:\/\/ferreterialafedecuicuilco.com\/index.php\/wp-json\/wp\/v2\/types\/product"}],"replies":[{"embeddable":true,"href":"https:\/\/ferreterialafedecuicuilco.com\/index.php\/wp-json\/wp\/v2\/comments?post=3757"}],"wp:featuredmedia":[{"embeddable":true,"href":"https:\/\/ferreterialafedecuicuilco.com\/index.php\/wp-json\/wp\/v2\/media\/3758"}],"wp:attachment":[{"href":"https:\/\/ferreterialafedecuicuilco.com\/index.php\/wp-json\/wp\/v2\/media?parent=3757"}],"wp:term":[{"taxonomy":"product_brand","embeddable":true,"href":"https:\/\/ferreterialafedecuicuilco.com\/index.php\/wp-json\/wp\/v2\/product_brand?post=3757"},{"taxonomy":"product_cat","embeddable":true,"href":"https:\/\/ferreterialafedecuicuilco.com\/index.php\/wp-json\/wp\/v2\/product_cat?post=3757"},{"taxonomy":"product_tag","embeddable":true,"href":"https:\/\/ferreterialafedecuicuilco.com\/index.php\/wp-json\/wp\/v2\/product_tag?post=3757"}],"curies":[{"name":"wp","href":"https:\/\/api.w.org\/{rel}","templated":true}]}}