{"id":3793,"date":"2024-05-20T12:50:22","date_gmt":"2024-05-20T18:50:22","guid":{"rendered":"https:\/\/ferreterialafedecuicuilco.com\/?post_type=product&#038;p=3793"},"modified":"2025-05-07T10:30:07","modified_gmt":"2025-05-07T16:30:07","slug":"rotomartillo-electroneumatico-sds-plus-900-w-120-v-4-5-j-0-850-rpm","status":"publish","type":"product","link":"https:\/\/ferreterialafedecuicuilco.com\/index.php\/producto\/rotomartillo-electroneumatico-sds-plus-900-w-120-v-4-5-j-0-850-rpm\/","title":{"rendered":"Rotomartillo electroneum\u00e1tico SDS Plus 900 W 120 V, 4.5 J, 0 &#8211; 850 RPM"},"content":{"rendered":"<ul>\n<li>Rotomartillo electroneum\u00e1tico SDS Plus 900W 120V 4.5J Urrea.<\/li>\n<li>Mandril sus plus. Embrague de protecci\u00f3n para sobrecarga.<\/li>\n<li>Switch electr\u00f3nico para variaci\u00f3n de velocidad.<\/li>\n<li>4 funciones: taladro, rotomartillo, martillo, cincel + \u00e1ngulo ajustable con 12 posiciones..<\/li>\n<li>Dise\u00f1o de ventilaciones para rendimiento superior.<\/li>\n<li>Dise\u00f1o de motor con protecci\u00f3n anti polvo. Sistema de mecanismo de levas.<\/li>\n<li>Dise\u00f1o compacto, mejor relaci\u00f3n peso-potencia, menos fatiga a largo plazo, m\u00e1s confort, m\u00e1s control.<\/li>\n<li>Gran empu\u00f1adura para mayor confort. Manija lateral con \u00absoft grip<\/li>\n<li>Broquero: Sds Plus<\/li>\n<li>Energ\u00eda De Impacto: 4.5 J<\/li>\n<li>Frecuencia: 60 Hz<\/li>\n<li>Golpes Por Minuto: 0-3700 Gpm<\/li>\n<li>Largo De Cable: 1.8 M<\/li>\n<li>Perforacion M\u00e1xima: Madera: 30 Mm Concreto: 30 Mm Acero: 13 Mm Ladrillo.<\/li>\n<li>Peso: 4.5 Kg<\/li>\n<li>Potencia: 900 W<\/li>\n<li>Velocidad: 0-850 Rpm<\/li>\n<li>Voltaje: 120 V<\/li>\n<\/ul>\n","protected":false},"excerpt":{"rendered":"<ul>\n<li>Rotomartillo electroneum\u00e1tico SDS Plus 900W 120V 4.5J Urrea.<\/li>\n<li>Mandril sus plus. Embrague de protecci\u00f3n para sobrecarga.<\/li>\n<li>Switch electr\u00f3nico para variaci\u00f3n de velocidad.<\/li>\n<li>4 funciones: taladro, rotomartillo, martillo, cincel + \u00e1ngulo ajustable con 12 posiciones..<\/li>\n<li>Dise\u00f1o de ventilaciones para rendimiento superior.<\/li>\n<li>Dise\u00f1o de motor con protecci\u00f3n anti polvo. Sistema de mecanismo de levas.<\/li>\n<li>Dise\u00f1o compacto, mejor relaci\u00f3n peso-potencia, menos fatiga a largo plazo, m\u00e1s confort, m\u00e1s control.<\/li>\n<li>Gran empu\u00f1adura para mayor confort. Manija lateral con \u00absoft grip<\/li>\n<li>Broquero: Sds Plus<\/li>\n<li>Energ\u00eda De Impacto: 4.5 J<\/li>\n<li>Frecuencia: 60 Hz<\/li>\n<li>Golpes Por Minuto: 0-3700 Gpm<\/li>\n<li>Largo De Cable: 1.8 M<\/li>\n<li>Perforacion M\u00e1xima: Madera: 30 Mm Concreto: 30 Mm Acero: 13 Mm Ladrillo.<\/li>\n<li>Peso: 4.5 Kg<\/li>\n<li>Potencia: 900 W<\/li>\n<li>Velocidad: 0-850 Rpm<\/li>\n<li>Voltaje: 120 V<\/li>\n<\/ul>\n","protected":false},"featured_media":3794,"comment_status":"open","ping_status":"closed","template":"","meta":{"site-sidebar-layout":"default","site-content-layout":"","ast-site-content-layout":"default","site-content-style":"default","site-sidebar-style":"default","ast-global-header-display":"","ast-banner-title-visibility":"","ast-main-header-display":"","ast-hfb-above-header-display":"","ast-hfb-below-header-display":"","ast-hfb-mobile-header-display":"","site-post-title":"","ast-breadcrumbs-content":"","ast-featured-img":"","footer-sml-layout":"","ast-disable-related-posts":"","theme-transparent-header-meta":"default","adv-header-id-meta":"","stick-header-meta":"","header-above-stick-meta":"","header-main-stick-meta":"","header-below-stick-meta":"","astra-migrate-meta-layouts":"set","ast-page-background-enabled":"default","ast-page-background-meta":{"desktop":{"background-color":"var(--ast-global-color-4)","background-image":"","background-repeat":"repeat","background-position":"center center","background-size":"auto","background-attachment":"scroll","background-type":"","background-media":"","overlay-type":"","overlay-color":"","overlay-opacity":"","overlay-gradient":""},"tablet":{"background-color":"","background-image":"","background-repeat":"repeat","background-position":"center center","background-size":"auto","background-attachment":"scroll","background-type":"","background-media":"","overlay-type":"","overlay-color":"","overlay-opacity":"","overlay-gradient":""},"mobile":{"background-color":"","background-image":"","background-repeat":"repeat","background-position":"center center","background-size":"auto","background-attachment":"scroll","background-type":"","background-media":"","overlay-type":"","overlay-color":"","overlay-opacity":"","overlay-gradient":""}},"ast-content-background-meta":{"desktop":{"background-color":"var(--ast-global-color-5)","background-image":"","background-repeat":"repeat","background-position":"center center","background-size":"auto","background-attachment":"scroll","background-type":"","background-media":"","overlay-type":"","overlay-color":"","overlay-opacity":"","overlay-gradient":""},"tablet":{"background-color":"var(--ast-global-color-5)","background-image":"","background-repeat":"repeat","background-position":"center center","background-size":"auto","background-attachment":"scroll","background-type":"","background-media":"","overlay-type":"","overlay-color":"","overlay-opacity":"","overlay-gradient":""},"mobile":{"background-color":"var(--ast-global-color-5)","background-image":"","background-repeat":"repeat","background-position":"center center","background-size":"auto","background-attachment":"scroll","background-type":"","background-media":"","overlay-type":"","overlay-color":"","overlay-opacity":"","overlay-gradient":""}}},"product_brand":[],"product_cat":[21,42],"product_tag":[],"class_list":{"0":"post-3793","1":"product","2":"type-product","3":"status-publish","4":"has-post-thumbnail","6":"product_cat-herramientas-electricas-portatiles","7":"product_cat-urrea","8":"desktop-align-left","9":"tablet-align-left","10":"mobile-align-left","12":"first","13":"instock","14":"shipping-taxable","15":"purchasable","16":"product-type-simple"},"jetpack_sharing_enabled":true,"_links":{"self":[{"href":"https:\/\/ferreterialafedecuicuilco.com\/index.php\/wp-json\/wp\/v2\/product\/3793","targetHints":{"allow":["GET"]}}],"collection":[{"href":"https:\/\/ferreterialafedecuicuilco.com\/index.php\/wp-json\/wp\/v2\/product"}],"about":[{"href":"https:\/\/ferreterialafedecuicuilco.com\/index.php\/wp-json\/wp\/v2\/types\/product"}],"replies":[{"embeddable":true,"href":"https:\/\/ferreterialafedecuicuilco.com\/index.php\/wp-json\/wp\/v2\/comments?post=3793"}],"wp:featuredmedia":[{"embeddable":true,"href":"https:\/\/ferreterialafedecuicuilco.com\/index.php\/wp-json\/wp\/v2\/media\/3794"}],"wp:attachment":[{"href":"https:\/\/ferreterialafedecuicuilco.com\/index.php\/wp-json\/wp\/v2\/media?parent=3793"}],"wp:term":[{"taxonomy":"product_brand","embeddable":true,"href":"https:\/\/ferreterialafedecuicuilco.com\/index.php\/wp-json\/wp\/v2\/product_brand?post=3793"},{"taxonomy":"product_cat","embeddable":true,"href":"https:\/\/ferreterialafedecuicuilco.com\/index.php\/wp-json\/wp\/v2\/product_cat?post=3793"},{"taxonomy":"product_tag","embeddable":true,"href":"https:\/\/ferreterialafedecuicuilco.com\/index.php\/wp-json\/wp\/v2\/product_tag?post=3793"}],"curies":[{"name":"wp","href":"https:\/\/api.w.org\/{rel}","templated":true}]}}