{"id":3868,"date":"2024-05-27T21:19:43","date_gmt":"2024-05-28T03:19:43","guid":{"rendered":"https:\/\/ferreterialafedecuicuilco.com\/?post_type=product&#038;p=3868"},"modified":"2024-05-27T21:19:43","modified_gmt":"2024-05-28T03:19:43","slug":"juego-de-dados-y-accesorios-cuadro-de-1-2-metrico-10-piezas-surtek","status":"publish","type":"product","link":"https:\/\/ferreterialafedecuicuilco.com\/index.php\/producto\/juego-de-dados-y-accesorios-cuadro-de-1-2-metrico-10-piezas-surtek\/","title":{"rendered":"Juego de dados y accesorios cuadro de 1\/2&#8243; m\u00e9trico, 10 piezas Surtek"},"content":{"rendered":"<ul>\n<li>Juego de 10 piezas.<\/li>\n<li>12 puntas.<\/li>\n<li>M\u00e9trico.<\/li>\n<li>Fabricados en acero aleado.<\/li>\n<li>Todos los dados tienen dise\u00f1o lobular sin esquinas que eliminan esfuerzos y proporcionan una m\u00e1xima resistencia y duraci\u00f3n.<\/li>\n<li>Accesorios Incluidos: Matraca Cabeza Redonda<\/li>\n<li>Accesorios Incluidos: Extensi\u00f3n<\/li>\n<li>Cuadro: 1\/2&#8243;<\/li>\n<li>Medida: 10Mm A 19Mm<\/li>\n<li>N\u00famero De Piezas: 10<\/li>\n<li>N\u00famero De Puntas: 12<\/li>\n<li>Sae O M\u00e9trico: M\u00e9trico<\/li>\n<li>Tipo De Impulsi\u00f3n: Cuadrado<\/li>\n<li>1 Dado 1\/2&#8243; 12ptas 14mm<\/li>\n<li>1 Dado 1\/2&#8243; 12ptas 13mm<\/li>\n<li>1 Dado 1\/2&#8243; 12ptas 16mm<\/li>\n<li>1 Dado 1\/2&#8243; 12ptas 17mm<\/li>\n<li>1 Dado 1\/2&#8243; 12ptas 19mm<\/li>\n<li>1 Dado 1\/2&#8243; 12ptas 11mm<\/li>\n<li>1 Dado 1\/2&#8243; 12ptas 10mm<\/li>\n<li>1 Dado 1\/2&#8243; 12ptas 12mm<\/li>\n<li>1 Matraca 1\/2&#8243; cabeza redonda<\/li>\n<\/ul>\n","protected":false},"excerpt":{"rendered":"<ul>\n<li>Juego de 10 piezas.<\/li>\n<li>12 puntas.<\/li>\n<li>M\u00e9trico.<\/li>\n<li>Fabricados en acero aleado.<\/li>\n<li>Todos los dados tienen dise\u00f1o lobular sin esquinas que eliminan esfuerzos y proporcionan una m\u00e1xima resistencia y duraci\u00f3n.<\/li>\n<li>Accesorios Incluidos: Matraca Cabeza Redonda<\/li>\n<li>Accesorios Incluidos: Extensi\u00f3n<\/li>\n<li>Cuadro: 1\/2&#8243;<\/li>\n<li>Medida: 10Mm A 19Mm<\/li>\n<li>N\u00famero De Piezas: 10<\/li>\n<li>N\u00famero De Puntas: 12<\/li>\n<li>Sae O M\u00e9trico: M\u00e9trico<\/li>\n<li>Tipo De Impulsi\u00f3n: Cuadrado<\/li>\n<li>1 Dado 1\/2&#8243; 12ptas 14mm<\/li>\n<li>1 Dado 1\/2&#8243; 12ptas 13mm<\/li>\n<li>1 Dado 1\/2&#8243; 12ptas 16mm<\/li>\n<li>1 Dado 1\/2&#8243; 12ptas 17mm<\/li>\n<li>1 Dado 1\/2&#8243; 12ptas 19mm<\/li>\n<li>1 Dado 1\/2&#8243; 12ptas 11mm<\/li>\n<li>1 Dado 1\/2&#8243; 12ptas 10mm<\/li>\n<li>1 Dado 1\/2&#8243; 12ptas 12mm<\/li>\n<li>1 Matraca 1\/2&#8243; cabeza redonda<\/li>\n<\/ul>\n","protected":false},"featured_media":3869,"comment_status":"open","ping_status":"closed","template":"","meta":{"site-sidebar-layout":"default","site-content-layout":"","ast-site-content-layout":"default","site-content-style":"default","site-sidebar-style":"default","ast-global-header-display":"","ast-banner-title-visibility":"","ast-main-header-display":"","ast-hfb-above-header-display":"","ast-hfb-below-header-display":"","ast-hfb-mobile-header-display":"","site-post-title":"","ast-breadcrumbs-content":"","ast-featured-img":"","footer-sml-layout":"","ast-disable-related-posts":"","theme-transparent-header-meta":"default","adv-header-id-meta":"","stick-header-meta":"","header-above-stick-meta":"","header-main-stick-meta":"","header-below-stick-meta":"","astra-migrate-meta-layouts":"set","ast-page-background-enabled":"default","ast-page-background-meta":{"desktop":{"background-color":"var(--ast-global-color-4)","background-image":"","background-repeat":"repeat","background-position":"center center","background-size":"auto","background-attachment":"scroll","background-type":"","background-media":"","overlay-type":"","overlay-color":"","overlay-opacity":"","overlay-gradient":""},"tablet":{"background-color":"","background-image":"","background-repeat":"repeat","background-position":"center center","background-size":"auto","background-attachment":"scroll","background-type":"","background-media":"","overlay-type":"","overlay-color":"","overlay-opacity":"","overlay-gradient":""},"mobile":{"background-color":"","background-image":"","background-repeat":"repeat","background-position":"center center","background-size":"auto","background-attachment":"scroll","background-type":"","background-media":"","overlay-type":"","overlay-color":"","overlay-opacity":"","overlay-gradient":""}},"ast-content-background-meta":{"desktop":{"background-color":"var(--ast-global-color-5)","background-image":"","background-repeat":"repeat","background-position":"center center","background-size":"auto","background-attachment":"scroll","background-type":"","background-media":"","overlay-type":"","overlay-color":"","overlay-opacity":"","overlay-gradient":""},"tablet":{"background-color":"var(--ast-global-color-5)","background-image":"","background-repeat":"repeat","background-position":"center center","background-size":"auto","background-attachment":"scroll","background-type":"","background-media":"","overlay-type":"","overlay-color":"","overlay-opacity":"","overlay-gradient":""},"mobile":{"background-color":"var(--ast-global-color-5)","background-image":"","background-repeat":"repeat","background-position":"center center","background-size":"auto","background-attachment":"scroll","background-type":"","background-media":"","overlay-type":"","overlay-color":"","overlay-opacity":"","overlay-gradient":""}}},"product_brand":[],"product_cat":[58,41],"product_tag":[],"class_list":{"0":"post-3868","1":"product","2":"type-product","3":"status-publish","4":"has-post-thumbnail","6":"product_cat-dados-y-accesorios-de-mano","7":"product_cat-surtek","8":"desktop-align-left","9":"tablet-align-left","10":"mobile-align-left","12":"first","13":"instock","14":"shipping-taxable","15":"purchasable","16":"product-type-simple"},"jetpack_sharing_enabled":true,"_links":{"self":[{"href":"https:\/\/ferreterialafedecuicuilco.com\/index.php\/wp-json\/wp\/v2\/product\/3868","targetHints":{"allow":["GET"]}}],"collection":[{"href":"https:\/\/ferreterialafedecuicuilco.com\/index.php\/wp-json\/wp\/v2\/product"}],"about":[{"href":"https:\/\/ferreterialafedecuicuilco.com\/index.php\/wp-json\/wp\/v2\/types\/product"}],"replies":[{"embeddable":true,"href":"https:\/\/ferreterialafedecuicuilco.com\/index.php\/wp-json\/wp\/v2\/comments?post=3868"}],"wp:featuredmedia":[{"embeddable":true,"href":"https:\/\/ferreterialafedecuicuilco.com\/index.php\/wp-json\/wp\/v2\/media\/3869"}],"wp:attachment":[{"href":"https:\/\/ferreterialafedecuicuilco.com\/index.php\/wp-json\/wp\/v2\/media?parent=3868"}],"wp:term":[{"taxonomy":"product_brand","embeddable":true,"href":"https:\/\/ferreterialafedecuicuilco.com\/index.php\/wp-json\/wp\/v2\/product_brand?post=3868"},{"taxonomy":"product_cat","embeddable":true,"href":"https:\/\/ferreterialafedecuicuilco.com\/index.php\/wp-json\/wp\/v2\/product_cat?post=3868"},{"taxonomy":"product_tag","embeddable":true,"href":"https:\/\/ferreterialafedecuicuilco.com\/index.php\/wp-json\/wp\/v2\/product_tag?post=3868"}],"curies":[{"name":"wp","href":"https:\/\/api.w.org\/{rel}","templated":true}]}}