{"id":4006,"date":"2024-06-06T19:47:23","date_gmt":"2024-06-07T01:47:23","guid":{"rendered":"https:\/\/ferreterialafedecuicuilco.com\/?post_type=product&#038;p=4006"},"modified":"2024-06-06T19:47:23","modified_gmt":"2024-06-07T01:47:23","slug":"llave-espanola-pulido-espejo-en-pulgadas-1-2-x-9-16-surtek","status":"publish","type":"product","link":"https:\/\/ferreterialafedecuicuilco.com\/index.php\/producto\/llave-espanola-pulido-espejo-en-pulgadas-1-2-x-9-16-surtek\/","title":{"rendered":"Llave espa\u00f1ola pulido espejo en pulgadas, 1\/2&#8243; x 9\/16&#8243; Surtek"},"content":{"rendered":"<ul>\n<li>Pulido espejo<\/li>\n<li>Fabricadas en acero al cromo vanadio<\/li>\n<li>V\u00e1stago de secci\u00f3n plana m\u00e1ximo torque<\/li>\n<li>Ancho Cabeza Chica: Fi<\/li>\n<li>Dimensi\u00f3n De Boca: 1\/2&#8243; X 9\/16&#8243;<\/li>\n<li>Grueso Cabeza Chica: Fi<\/li>\n<li>Grueso Cabeza Grande: Fi<\/li>\n<li>Longitud: 156 Mm<\/li>\n<li>Profundidad De Boca \u00abA\u00bb: Fi<\/li>\n<li>Resistencia Cabeza Chica: Fi<\/li>\n<li>Resistencia Cabeza Grande: Fi<\/li>\n<li>Sae O M\u00e9trico: Sae<\/li>\n<\/ul>\n","protected":false},"excerpt":{"rendered":"<ul>\n<li>Pulido espejo<\/li>\n<li>Fabricadas en acero al cromo vanadio<\/li>\n<li>V\u00e1stago de secci\u00f3n plana m\u00e1ximo torque<\/li>\n<li>Ancho Cabeza Chica: Fi<\/li>\n<li>Dimensi\u00f3n De Boca: 1\/2&#8243; X 9\/16&#8243;<\/li>\n<li>Grueso Cabeza Chica: Fi<\/li>\n<li>Grueso Cabeza Grande: Fi<\/li>\n<li>Longitud: 156 Mm<\/li>\n<li>Profundidad De Boca \u00abA\u00bb: Fi<\/li>\n<li>Resistencia Cabeza Chica: Fi<\/li>\n<li>Resistencia Cabeza Grande: Fi<\/li>\n<li>Sae O M\u00e9trico: Sae<\/li>\n<\/ul>\n","protected":false},"featured_media":4007,"comment_status":"open","ping_status":"closed","template":"","meta":{"site-sidebar-layout":"default","site-content-layout":"","ast-site-content-layout":"default","site-content-style":"default","site-sidebar-style":"default","ast-global-header-display":"","ast-banner-title-visibility":"","ast-main-header-display":"","ast-hfb-above-header-display":"","ast-hfb-below-header-display":"","ast-hfb-mobile-header-display":"","site-post-title":"","ast-breadcrumbs-content":"","ast-featured-img":"","footer-sml-layout":"","ast-disable-related-posts":"","theme-transparent-header-meta":"default","adv-header-id-meta":"","stick-header-meta":"","header-above-stick-meta":"","header-main-stick-meta":"","header-below-stick-meta":"","astra-migrate-meta-layouts":"set","ast-page-background-enabled":"default","ast-page-background-meta":{"desktop":{"background-color":"var(--ast-global-color-4)","background-image":"","background-repeat":"repeat","background-position":"center center","background-size":"auto","background-attachment":"scroll","background-type":"","background-media":"","overlay-type":"","overlay-color":"","overlay-opacity":"","overlay-gradient":""},"tablet":{"background-color":"","background-image":"","background-repeat":"repeat","background-position":"center center","background-size":"auto","background-attachment":"scroll","background-type":"","background-media":"","overlay-type":"","overlay-color":"","overlay-opacity":"","overlay-gradient":""},"mobile":{"background-color":"","background-image":"","background-repeat":"repeat","background-position":"center center","background-size":"auto","background-attachment":"scroll","background-type":"","background-media":"","overlay-type":"","overlay-color":"","overlay-opacity":"","overlay-gradient":""}},"ast-content-background-meta":{"desktop":{"background-color":"var(--ast-global-color-5)","background-image":"","background-repeat":"repeat","background-position":"center center","background-size":"auto","background-attachment":"scroll","background-type":"","background-media":"","overlay-type":"","overlay-color":"","overlay-opacity":"","overlay-gradient":""},"tablet":{"background-color":"var(--ast-global-color-5)","background-image":"","background-repeat":"repeat","background-position":"center center","background-size":"auto","background-attachment":"scroll","background-type":"","background-media":"","overlay-type":"","overlay-color":"","overlay-opacity":"","overlay-gradient":""},"mobile":{"background-color":"var(--ast-global-color-5)","background-image":"","background-repeat":"repeat","background-position":"center center","background-size":"auto","background-attachment":"scroll","background-type":"","background-media":"","overlay-type":"","overlay-color":"","overlay-opacity":"","overlay-gradient":""}}},"product_brand":[],"product_cat":[72,41,68],"product_tag":[],"class_list":{"0":"post-4006","1":"product","2":"type-product","3":"status-publish","4":"has-post-thumbnail","6":"product_cat-llaves","7":"product_cat-surtek","8":"product_cat-surtek-llaves","9":"desktop-align-left","10":"tablet-align-left","11":"mobile-align-left","13":"first","14":"instock","15":"shipping-taxable","16":"purchasable","17":"product-type-simple"},"jetpack_sharing_enabled":true,"_links":{"self":[{"href":"https:\/\/ferreterialafedecuicuilco.com\/index.php\/wp-json\/wp\/v2\/product\/4006","targetHints":{"allow":["GET"]}}],"collection":[{"href":"https:\/\/ferreterialafedecuicuilco.com\/index.php\/wp-json\/wp\/v2\/product"}],"about":[{"href":"https:\/\/ferreterialafedecuicuilco.com\/index.php\/wp-json\/wp\/v2\/types\/product"}],"replies":[{"embeddable":true,"href":"https:\/\/ferreterialafedecuicuilco.com\/index.php\/wp-json\/wp\/v2\/comments?post=4006"}],"wp:featuredmedia":[{"embeddable":true,"href":"https:\/\/ferreterialafedecuicuilco.com\/index.php\/wp-json\/wp\/v2\/media\/4007"}],"wp:attachment":[{"href":"https:\/\/ferreterialafedecuicuilco.com\/index.php\/wp-json\/wp\/v2\/media?parent=4006"}],"wp:term":[{"taxonomy":"product_brand","embeddable":true,"href":"https:\/\/ferreterialafedecuicuilco.com\/index.php\/wp-json\/wp\/v2\/product_brand?post=4006"},{"taxonomy":"product_cat","embeddable":true,"href":"https:\/\/ferreterialafedecuicuilco.com\/index.php\/wp-json\/wp\/v2\/product_cat?post=4006"},{"taxonomy":"product_tag","embeddable":true,"href":"https:\/\/ferreterialafedecuicuilco.com\/index.php\/wp-json\/wp\/v2\/product_tag?post=4006"}],"curies":[{"name":"wp","href":"https:\/\/api.w.org\/{rel}","templated":true}]}}