{"id":4024,"date":"2024-06-07T19:23:48","date_gmt":"2024-06-08T01:23:48","guid":{"rendered":"https:\/\/ferreterialafedecuicuilco.com\/?post_type=product&#038;p=4024"},"modified":"2024-06-07T19:23:48","modified_gmt":"2024-06-08T01:23:48","slug":"llave-espanola-pulido-espejo-en-pulgadas-5-8-x-3-4-surtek","status":"publish","type":"product","link":"https:\/\/ferreterialafedecuicuilco.com\/index.php\/producto\/llave-espanola-pulido-espejo-en-pulgadas-5-8-x-3-4-surtek\/","title":{"rendered":"Llave espa\u00f1ola pulido espejo en pulgadas, 5\/8&#8243; x 3\/4&#8243; Surtek"},"content":{"rendered":"<ul>\n<li>Pulido espejo<\/li>\n<li>Fabricadas en acero al cromo vanadio<\/li>\n<li>V\u00e1stago de secci\u00f3n plana m\u00e1ximo torque<\/li>\n<li>Ancho Cabeza Chica: Fi<\/li>\n<li>Dimensi\u00f3n De Boca: 5\/8X 3\/4<\/li>\n<li>Grueso Cabeza Chica: Fi<\/li>\n<li>Grueso Cabeza Grande: Fi<\/li>\n<li>Longitud: 198 Mm<\/li>\n<li>Profundidad De Boca A: Fi<\/li>\n<li>Resistencia Cabeza Chica: Fi<\/li>\n<li>Resistencia Cabeza Grande: Fi<\/li>\n<li>Sae O M\u00e9trico: Sae<\/li>\n<\/ul>\n","protected":false},"excerpt":{"rendered":"<ul>\n<li>Pulido espejo<\/li>\n<li>Fabricadas en acero al cromo vanadio<\/li>\n<li>V\u00e1stago de secci\u00f3n plana m\u00e1ximo torque<\/li>\n<li>Ancho Cabeza Chica: Fi<\/li>\n<li>Dimensi\u00f3n De Boca: 5\/8X 3\/4<\/li>\n<li>Grueso Cabeza Chica: Fi<\/li>\n<li>Grueso Cabeza Grande: Fi<\/li>\n<li>Longitud: 198 Mm<\/li>\n<li>Profundidad De Boca A: Fi<\/li>\n<li>Resistencia Cabeza Chica: Fi<\/li>\n<li>Resistencia Cabeza Grande: Fi<\/li>\n<li>Sae O M\u00e9trico: Sae<\/li>\n<\/ul>\n","protected":false},"featured_media":4025,"comment_status":"open","ping_status":"closed","template":"","meta":{"site-sidebar-layout":"default","site-content-layout":"","ast-site-content-layout":"default","site-content-style":"default","site-sidebar-style":"default","ast-global-header-display":"","ast-banner-title-visibility":"","ast-main-header-display":"","ast-hfb-above-header-display":"","ast-hfb-below-header-display":"","ast-hfb-mobile-header-display":"","site-post-title":"","ast-breadcrumbs-content":"","ast-featured-img":"","footer-sml-layout":"","ast-disable-related-posts":"","theme-transparent-header-meta":"default","adv-header-id-meta":"","stick-header-meta":"","header-above-stick-meta":"","header-main-stick-meta":"","header-below-stick-meta":"","astra-migrate-meta-layouts":"set","ast-page-background-enabled":"default","ast-page-background-meta":{"desktop":{"background-color":"var(--ast-global-color-4)","background-image":"","background-repeat":"repeat","background-position":"center center","background-size":"auto","background-attachment":"scroll","background-type":"","background-media":"","overlay-type":"","overlay-color":"","overlay-opacity":"","overlay-gradient":""},"tablet":{"background-color":"","background-image":"","background-repeat":"repeat","background-position":"center center","background-size":"auto","background-attachment":"scroll","background-type":"","background-media":"","overlay-type":"","overlay-color":"","overlay-opacity":"","overlay-gradient":""},"mobile":{"background-color":"","background-image":"","background-repeat":"repeat","background-position":"center center","background-size":"auto","background-attachment":"scroll","background-type":"","background-media":"","overlay-type":"","overlay-color":"","overlay-opacity":"","overlay-gradient":""}},"ast-content-background-meta":{"desktop":{"background-color":"var(--ast-global-color-5)","background-image":"","background-repeat":"repeat","background-position":"center center","background-size":"auto","background-attachment":"scroll","background-type":"","background-media":"","overlay-type":"","overlay-color":"","overlay-opacity":"","overlay-gradient":""},"tablet":{"background-color":"var(--ast-global-color-5)","background-image":"","background-repeat":"repeat","background-position":"center center","background-size":"auto","background-attachment":"scroll","background-type":"","background-media":"","overlay-type":"","overlay-color":"","overlay-opacity":"","overlay-gradient":""},"mobile":{"background-color":"var(--ast-global-color-5)","background-image":"","background-repeat":"repeat","background-position":"center center","background-size":"auto","background-attachment":"scroll","background-type":"","background-media":"","overlay-type":"","overlay-color":"","overlay-opacity":"","overlay-gradient":""}}},"product_brand":[],"product_cat":[72,80,41,68],"product_tag":[],"class_list":{"0":"post-4024","1":"product","2":"type-product","3":"status-publish","4":"has-post-thumbnail","6":"product_cat-llaves","7":"product_cat-llaves-espanolas","8":"product_cat-surtek","9":"product_cat-surtek-llaves","10":"desktop-align-left","11":"tablet-align-left","12":"mobile-align-left","14":"first","15":"instock","16":"shipping-taxable","17":"purchasable","18":"product-type-simple"},"jetpack_sharing_enabled":true,"_links":{"self":[{"href":"https:\/\/ferreterialafedecuicuilco.com\/index.php\/wp-json\/wp\/v2\/product\/4024","targetHints":{"allow":["GET"]}}],"collection":[{"href":"https:\/\/ferreterialafedecuicuilco.com\/index.php\/wp-json\/wp\/v2\/product"}],"about":[{"href":"https:\/\/ferreterialafedecuicuilco.com\/index.php\/wp-json\/wp\/v2\/types\/product"}],"replies":[{"embeddable":true,"href":"https:\/\/ferreterialafedecuicuilco.com\/index.php\/wp-json\/wp\/v2\/comments?post=4024"}],"wp:featuredmedia":[{"embeddable":true,"href":"https:\/\/ferreterialafedecuicuilco.com\/index.php\/wp-json\/wp\/v2\/media\/4025"}],"wp:attachment":[{"href":"https:\/\/ferreterialafedecuicuilco.com\/index.php\/wp-json\/wp\/v2\/media?parent=4024"}],"wp:term":[{"taxonomy":"product_brand","embeddable":true,"href":"https:\/\/ferreterialafedecuicuilco.com\/index.php\/wp-json\/wp\/v2\/product_brand?post=4024"},{"taxonomy":"product_cat","embeddable":true,"href":"https:\/\/ferreterialafedecuicuilco.com\/index.php\/wp-json\/wp\/v2\/product_cat?post=4024"},{"taxonomy":"product_tag","embeddable":true,"href":"https:\/\/ferreterialafedecuicuilco.com\/index.php\/wp-json\/wp\/v2\/product_tag?post=4024"}],"curies":[{"name":"wp","href":"https:\/\/api.w.org\/{rel}","templated":true}]}}