{"id":4089,"date":"2024-06-07T23:38:57","date_gmt":"2024-06-08T05:38:57","guid":{"rendered":"https:\/\/ferreterialafedecuicuilco.com\/?post_type=product&#038;p=4089"},"modified":"2024-06-07T23:38:57","modified_gmt":"2024-06-08T05:38:57","slug":"martillo-de-una-recta-con-mango-largo-tubular-de-20-20-oz-surtek","status":"publish","type":"product","link":"https:\/\/ferreterialafedecuicuilco.com\/index.php\/producto\/martillo-de-una-recta-con-mango-largo-tubular-de-20-20-oz-surtek\/","title":{"rendered":"Martillo de u\u00f1a recta con mango largo tubular de 20&#8243;, 20 oz Surtek"},"content":{"rendered":"<ul>\n<li>Cu\u00f1a recta ideal para alba\u00f1iler\u00eda y obra negra<\/li>\n<li>Cabeza forjada y templada de acero alto carbono, totalmente pulida<\/li>\n<li>El mango tubular, permite ser utilizado como apoyo para realizar dobleces de varilla en la construcci\u00f3n<\/li>\n<li>Mango largo que facilita llegar a lugares altos<\/li>\n<li>Mango 40% m\u00e1s largo que el resto de los martillos tubulares<\/li>\n<li>Cara: Lisa<\/li>\n<li>Di\u00e1metro Cabeza: 1 3\/16<\/li>\n<li>Dureza: F\/I<\/li>\n<li>Longitud Mango: 20<\/li>\n<li>Mango: Tubular<\/li>\n<li>Material Cabeza: Acero<\/li>\n<li>Peso Cabeza: 20 Oz<\/li>\n<\/ul>\n","protected":false},"excerpt":{"rendered":"<ul>\n<li>Cu\u00f1a recta ideal para alba\u00f1iler\u00eda y obra negra<\/li>\n<li>Cabeza forjada y templada de acero alto carbono, totalmente pulida<\/li>\n<li>El mango tubular, permite ser utilizado como apoyo para realizar dobleces de varilla en la construcci\u00f3n<\/li>\n<li>Mango largo que facilita llegar a lugares altos<\/li>\n<li>Mango 40% m\u00e1s largo que el resto de los martillos tubulares<\/li>\n<li>Cara: Lisa<\/li>\n<li>Di\u00e1metro Cabeza: 1 3\/16<\/li>\n<li>Dureza: F\/I<\/li>\n<li>Longitud Mango: 20<\/li>\n<li>Mango: Tubular<\/li>\n<li>Material Cabeza: Acero<\/li>\n<li>Peso Cabeza: 20 Oz<\/li>\n<\/ul>\n","protected":false},"featured_media":4090,"comment_status":"open","ping_status":"closed","template":"","meta":{"site-sidebar-layout":"default","site-content-layout":"","ast-site-content-layout":"default","site-content-style":"default","site-sidebar-style":"default","ast-global-header-display":"","ast-banner-title-visibility":"","ast-main-header-display":"","ast-hfb-above-header-display":"","ast-hfb-below-header-display":"","ast-hfb-mobile-header-display":"","site-post-title":"","ast-breadcrumbs-content":"","ast-featured-img":"","footer-sml-layout":"","ast-disable-related-posts":"","theme-transparent-header-meta":"default","adv-header-id-meta":"","stick-header-meta":"","header-above-stick-meta":"","header-main-stick-meta":"","header-below-stick-meta":"","astra-migrate-meta-layouts":"set","ast-page-background-enabled":"default","ast-page-background-meta":{"desktop":{"background-color":"var(--ast-global-color-4)","background-image":"","background-repeat":"repeat","background-position":"center center","background-size":"auto","background-attachment":"scroll","background-type":"","background-media":"","overlay-type":"","overlay-color":"","overlay-opacity":"","overlay-gradient":""},"tablet":{"background-color":"","background-image":"","background-repeat":"repeat","background-position":"center center","background-size":"auto","background-attachment":"scroll","background-type":"","background-media":"","overlay-type":"","overlay-color":"","overlay-opacity":"","overlay-gradient":""},"mobile":{"background-color":"","background-image":"","background-repeat":"repeat","background-position":"center center","background-size":"auto","background-attachment":"scroll","background-type":"","background-media":"","overlay-type":"","overlay-color":"","overlay-opacity":"","overlay-gradient":""}},"ast-content-background-meta":{"desktop":{"background-color":"var(--ast-global-color-5)","background-image":"","background-repeat":"repeat","background-position":"center center","background-size":"auto","background-attachment":"scroll","background-type":"","background-media":"","overlay-type":"","overlay-color":"","overlay-opacity":"","overlay-gradient":""},"tablet":{"background-color":"var(--ast-global-color-5)","background-image":"","background-repeat":"repeat","background-position":"center center","background-size":"auto","background-attachment":"scroll","background-type":"","background-media":"","overlay-type":"","overlay-color":"","overlay-opacity":"","overlay-gradient":""},"mobile":{"background-color":"var(--ast-global-color-5)","background-image":"","background-repeat":"repeat","background-position":"center center","background-size":"auto","background-attachment":"scroll","background-type":"","background-media":"","overlay-type":"","overlay-color":"","overlay-opacity":"","overlay-gradient":""}}},"product_brand":[],"product_cat":[54,85,41],"product_tag":[],"class_list":{"0":"post-4089","1":"product","2":"type-product","3":"status-publish","4":"has-post-thumbnail","6":"product_cat-herramientas-para-golpear","7":"product_cat-martillos-de-una","8":"product_cat-surtek","9":"desktop-align-left","10":"tablet-align-left","11":"mobile-align-left","13":"first","14":"instock","15":"shipping-taxable","16":"purchasable","17":"product-type-simple"},"jetpack_sharing_enabled":true,"_links":{"self":[{"href":"https:\/\/ferreterialafedecuicuilco.com\/index.php\/wp-json\/wp\/v2\/product\/4089","targetHints":{"allow":["GET"]}}],"collection":[{"href":"https:\/\/ferreterialafedecuicuilco.com\/index.php\/wp-json\/wp\/v2\/product"}],"about":[{"href":"https:\/\/ferreterialafedecuicuilco.com\/index.php\/wp-json\/wp\/v2\/types\/product"}],"replies":[{"embeddable":true,"href":"https:\/\/ferreterialafedecuicuilco.com\/index.php\/wp-json\/wp\/v2\/comments?post=4089"}],"wp:featuredmedia":[{"embeddable":true,"href":"https:\/\/ferreterialafedecuicuilco.com\/index.php\/wp-json\/wp\/v2\/media\/4090"}],"wp:attachment":[{"href":"https:\/\/ferreterialafedecuicuilco.com\/index.php\/wp-json\/wp\/v2\/media?parent=4089"}],"wp:term":[{"taxonomy":"product_brand","embeddable":true,"href":"https:\/\/ferreterialafedecuicuilco.com\/index.php\/wp-json\/wp\/v2\/product_brand?post=4089"},{"taxonomy":"product_cat","embeddable":true,"href":"https:\/\/ferreterialafedecuicuilco.com\/index.php\/wp-json\/wp\/v2\/product_cat?post=4089"},{"taxonomy":"product_tag","embeddable":true,"href":"https:\/\/ferreterialafedecuicuilco.com\/index.php\/wp-json\/wp\/v2\/product_tag?post=4089"}],"curies":[{"name":"wp","href":"https:\/\/api.w.org\/{rel}","templated":true}]}}