{"id":4834,"date":"2024-10-18T17:36:01","date_gmt":"2024-10-18T23:36:01","guid":{"rendered":"https:\/\/ferreterialafedecuicuilco.com\/index.php\/producto\/producto-677\/"},"modified":"2025-06-26T13:27:13","modified_gmt":"2025-06-26T19:27:13","slug":"producto-677","status":"publish","type":"product","link":"https:\/\/ferreterialafedecuicuilco.com\/index.php\/producto\/producto-677\/","title":{"rendered":"Pistola de lavado inal\u00e1mbrica a bater\u00eda Li-ion 350 W, 18 V"},"content":{"rendered":"<ul>\n<li>Con dise\u00f1o port\u00e1til que le permite lavar a presi\u00f3n en cualquier momento y en cualquier lugar.<\/li>\n<li>Motor potente y compacto que prolonga la duraci\u00f3n de la bater\u00eda.<\/li>\n<li>Lanza ajustable en 3 niveles de presi\u00f3n de agua: 2,3-2,5MPA \/ 1,8-2,0MPA \/ 1,6-1,8 MPA.<\/li>\n<li>Permite un suministro de agua desde un recipiente.<\/li>\n<li>Bater\u00eda LITIO-ION de larga duraci\u00f3n.<\/li>\n<li>Brinda la potencia requerida para ejecutar la limpieza deseada, al momento de lavar un veh\u00edculo, limpiar terrazas, cortinas, contenedores, entre muchas otras actividades de limpieza.<\/li>\n<li>1 cabezal de pistola, 1 alargadera, 1 hervidor de espuma, 1 tubo de entrada de agua, 1 conexi\u00f3n r\u00e1pida de entrada de agua, 1 rejilla de filtro, 1 cargador, 1 bater\u00eda.<\/li>\n<\/ul>\n","protected":false},"excerpt":{"rendered":"<ul>\n<li>Con dise\u00f1o port\u00e1til que le permite lavar a presi\u00f3n en cualquier momento y en cualquier lugar.<\/li>\n<li>Motor potente y compacto que prolonga la duraci\u00f3n de la bater\u00eda.<\/li>\n<li>Lanza ajustable en 3 niveles de presi\u00f3n de agua: 2,3-2,5MPA \/ 1,8-2,0MPA \/ 1,6-1,8 MPA.<\/li>\n<li>Permite un suministro de agua desde un recipiente.<\/li>\n<li>Bater\u00eda LITIO-ION de larga duraci\u00f3n.<\/li>\n<li>Brinda la potencia requerida para ejecutar la limpieza deseada, al momento de lavar un veh\u00edculo, limpiar terrazas, cortinas, contenedores, entre muchas otras actividades de limpieza.<\/li>\n<li>1 cabezal de pistola, 1 alargadera, 1 hervidor de espuma, 1 tubo de entrada de agua, 1 conexi\u00f3n r\u00e1pida de entrada de agua, 1 rejilla de filtro, 1 cargador, 1 bater\u00eda.<\/li>\n<\/ul>\n","protected":false},"featured_media":5218,"comment_status":"open","ping_status":"closed","template":"","meta":{"site-sidebar-layout":"default","site-content-layout":"","ast-site-content-layout":"default","site-content-style":"default","site-sidebar-style":"default","ast-global-header-display":"","ast-banner-title-visibility":"","ast-main-header-display":"","ast-hfb-above-header-display":"","ast-hfb-below-header-display":"","ast-hfb-mobile-header-display":"","site-post-title":"","ast-breadcrumbs-content":"","ast-featured-img":"","footer-sml-layout":"","ast-disable-related-posts":"","theme-transparent-header-meta":"default","adv-header-id-meta":"","stick-header-meta":"","header-above-stick-meta":"","header-main-stick-meta":"","header-below-stick-meta":"","astra-migrate-meta-layouts":"set","ast-page-background-enabled":"default","ast-page-background-meta":{"desktop":{"background-color":"var(--ast-global-color-4)","background-image":"","background-repeat":"repeat","background-position":"center center","background-size":"auto","background-attachment":"scroll","background-type":"","background-media":"","overlay-type":"","overlay-color":"","overlay-opacity":"","overlay-gradient":""},"tablet":{"background-color":"","background-image":"","background-repeat":"repeat","background-position":"center center","background-size":"auto","background-attachment":"scroll","background-type":"","background-media":"","overlay-type":"","overlay-color":"","overlay-opacity":"","overlay-gradient":""},"mobile":{"background-color":"","background-image":"","background-repeat":"repeat","background-position":"center center","background-size":"auto","background-attachment":"scroll","background-type":"","background-media":"","overlay-type":"","overlay-color":"","overlay-opacity":"","overlay-gradient":""}},"ast-content-background-meta":{"desktop":{"background-color":"var(--ast-global-color-5)","background-image":"","background-repeat":"repeat","background-position":"center center","background-size":"auto","background-attachment":"scroll","background-type":"","background-media":"","overlay-type":"","overlay-color":"","overlay-opacity":"","overlay-gradient":""},"tablet":{"background-color":"var(--ast-global-color-5)","background-image":"","background-repeat":"repeat","background-position":"center center","background-size":"auto","background-attachment":"scroll","background-type":"","background-media":"","overlay-type":"","overlay-color":"","overlay-opacity":"","overlay-gradient":""},"mobile":{"background-color":"var(--ast-global-color-5)","background-image":"","background-repeat":"repeat","background-position":"center center","background-size":"auto","background-attachment":"scroll","background-type":"","background-media":"","overlay-type":"","overlay-color":"","overlay-opacity":"","overlay-gradient":""}}},"product_brand":[],"product_cat":[89,21,41],"product_tag":[],"class_list":{"0":"post-4834","1":"product","2":"type-product","3":"status-publish","4":"has-post-thumbnail","6":"product_cat-equipos-hidrolavadoras-electricas","7":"product_cat-herramientas-electricas-portatiles","8":"product_cat-surtek","9":"desktop-align-left","10":"tablet-align-left","11":"mobile-align-left","13":"first","14":"instock","15":"shipping-taxable","16":"purchasable","17":"product-type-simple"},"jetpack_sharing_enabled":true,"_links":{"self":[{"href":"https:\/\/ferreterialafedecuicuilco.com\/index.php\/wp-json\/wp\/v2\/product\/4834","targetHints":{"allow":["GET"]}}],"collection":[{"href":"https:\/\/ferreterialafedecuicuilco.com\/index.php\/wp-json\/wp\/v2\/product"}],"about":[{"href":"https:\/\/ferreterialafedecuicuilco.com\/index.php\/wp-json\/wp\/v2\/types\/product"}],"replies":[{"embeddable":true,"href":"https:\/\/ferreterialafedecuicuilco.com\/index.php\/wp-json\/wp\/v2\/comments?post=4834"}],"wp:featuredmedia":[{"embeddable":true,"href":"https:\/\/ferreterialafedecuicuilco.com\/index.php\/wp-json\/wp\/v2\/media\/5218"}],"wp:attachment":[{"href":"https:\/\/ferreterialafedecuicuilco.com\/index.php\/wp-json\/wp\/v2\/media?parent=4834"}],"wp:term":[{"taxonomy":"product_brand","embeddable":true,"href":"https:\/\/ferreterialafedecuicuilco.com\/index.php\/wp-json\/wp\/v2\/product_brand?post=4834"},{"taxonomy":"product_cat","embeddable":true,"href":"https:\/\/ferreterialafedecuicuilco.com\/index.php\/wp-json\/wp\/v2\/product_cat?post=4834"},{"taxonomy":"product_tag","embeddable":true,"href":"https:\/\/ferreterialafedecuicuilco.com\/index.php\/wp-json\/wp\/v2\/product_tag?post=4834"}],"curies":[{"name":"wp","href":"https:\/\/api.w.org\/{rel}","templated":true}]}}