{"id":4840,"date":"2024-10-18T17:36:03","date_gmt":"2024-10-18T23:36:03","guid":{"rendered":"https:\/\/ferreterialafedecuicuilco.com\/index.php\/producto\/producto-683\/"},"modified":"2025-04-30T15:52:40","modified_gmt":"2025-04-30T21:52:40","slug":"producto-683","status":"publish","type":"product","link":"https:\/\/ferreterialafedecuicuilco.com\/index.php\/producto\/producto-683\/","title":{"rendered":"Llave Stillson de aluminio, 10&#8243;"},"content":{"rendered":"<ul>\n<li>Con todas las ventajas de una llave stillson convencional, pero con la gran ventaja de ser 40% m\u00e1s ligera.<\/li>\n<li>Las llaves stillson de aluminio Urrea tienen adem\u00e1s el sistema antichispa con lo que se pueden maniobrar trabajos pesados en industrias petroqu\u00edmicas, el\u00e9ctricas, etc., sin correr riesgos innecesarios.<\/li>\n<li>Quijada superior forjada y con doble tratamiento t\u00e9rmico.<\/li>\n<li>Quijada inferior asentada de manera conveniente para prevenir la carga sobre el pin.<\/li>\n<li>Longitud: 10&#8243;<\/li>\n<li>Tama\u00f1o M\u00e1ximo De Tubo: 1 1\/2&#8243;<\/li>\n<\/ul>\n","protected":false},"excerpt":{"rendered":"<ul>\n<li>Con todas las ventajas de una llave stillson convencional, pero con la gran ventaja de ser 40% m\u00e1s ligera.<\/li>\n<li>Las llaves stillson de aluminio Urrea tienen adem\u00e1s el sistema antichispa con lo que se pueden maniobrar trabajos pesados en industrias petroqu\u00edmicas, el\u00e9ctricas, etc., sin correr riesgos innecesarios.<\/li>\n<li>Quijada superior forjada y con doble tratamiento t\u00e9rmico.<\/li>\n<li>Quijada inferior asentada de manera conveniente para prevenir la carga sobre el pin.<\/li>\n<li>Longitud: 10&#8243;<\/li>\n<li>Tama\u00f1o M\u00e1ximo De Tubo: 1 1\/2&#8243;<\/li>\n<\/ul>\n","protected":false},"featured_media":5161,"comment_status":"open","ping_status":"closed","template":"","meta":{"site-sidebar-layout":"default","site-content-layout":"","ast-site-content-layout":"default","site-content-style":"default","site-sidebar-style":"default","ast-global-header-display":"","ast-banner-title-visibility":"","ast-main-header-display":"","ast-hfb-above-header-display":"","ast-hfb-below-header-display":"","ast-hfb-mobile-header-display":"","site-post-title":"","ast-breadcrumbs-content":"","ast-featured-img":"","footer-sml-layout":"","ast-disable-related-posts":"","theme-transparent-header-meta":"default","adv-header-id-meta":"","stick-header-meta":"","header-above-stick-meta":"","header-main-stick-meta":"","header-below-stick-meta":"","astra-migrate-meta-layouts":"set","ast-page-background-enabled":"default","ast-page-background-meta":{"desktop":{"background-color":"var(--ast-global-color-4)","background-image":"","background-repeat":"repeat","background-position":"center center","background-size":"auto","background-attachment":"scroll","background-type":"","background-media":"","overlay-type":"","overlay-color":"","overlay-opacity":"","overlay-gradient":""},"tablet":{"background-color":"","background-image":"","background-repeat":"repeat","background-position":"center center","background-size":"auto","background-attachment":"scroll","background-type":"","background-media":"","overlay-type":"","overlay-color":"","overlay-opacity":"","overlay-gradient":""},"mobile":{"background-color":"","background-image":"","background-repeat":"repeat","background-position":"center center","background-size":"auto","background-attachment":"scroll","background-type":"","background-media":"","overlay-type":"","overlay-color":"","overlay-opacity":"","overlay-gradient":""}},"ast-content-background-meta":{"desktop":{"background-color":"var(--ast-global-color-5)","background-image":"","background-repeat":"repeat","background-position":"center center","background-size":"auto","background-attachment":"scroll","background-type":"","background-media":"","overlay-type":"","overlay-color":"","overlay-opacity":"","overlay-gradient":""},"tablet":{"background-color":"var(--ast-global-color-5)","background-image":"","background-repeat":"repeat","background-position":"center center","background-size":"auto","background-attachment":"scroll","background-type":"","background-media":"","overlay-type":"","overlay-color":"","overlay-opacity":"","overlay-gradient":""},"mobile":{"background-color":"var(--ast-global-color-5)","background-image":"","background-repeat":"repeat","background-position":"center center","background-size":"auto","background-attachment":"scroll","background-type":"","background-media":"","overlay-type":"","overlay-color":"","overlay-opacity":"","overlay-gradient":""}}},"product_brand":[],"product_cat":[61,42],"product_tag":[],"class_list":{"0":"post-4840","1":"product","2":"type-product","3":"status-publish","4":"has-post-thumbnail","6":"product_cat-herramientas-aisladas-y-antichispa","7":"product_cat-urrea","8":"desktop-align-left","9":"tablet-align-left","10":"mobile-align-left","12":"first","13":"instock","14":"shipping-taxable","15":"purchasable","16":"product-type-simple"},"jetpack_sharing_enabled":true,"_links":{"self":[{"href":"https:\/\/ferreterialafedecuicuilco.com\/index.php\/wp-json\/wp\/v2\/product\/4840","targetHints":{"allow":["GET"]}}],"collection":[{"href":"https:\/\/ferreterialafedecuicuilco.com\/index.php\/wp-json\/wp\/v2\/product"}],"about":[{"href":"https:\/\/ferreterialafedecuicuilco.com\/index.php\/wp-json\/wp\/v2\/types\/product"}],"replies":[{"embeddable":true,"href":"https:\/\/ferreterialafedecuicuilco.com\/index.php\/wp-json\/wp\/v2\/comments?post=4840"}],"wp:featuredmedia":[{"embeddable":true,"href":"https:\/\/ferreterialafedecuicuilco.com\/index.php\/wp-json\/wp\/v2\/media\/5161"}],"wp:attachment":[{"href":"https:\/\/ferreterialafedecuicuilco.com\/index.php\/wp-json\/wp\/v2\/media?parent=4840"}],"wp:term":[{"taxonomy":"product_brand","embeddable":true,"href":"https:\/\/ferreterialafedecuicuilco.com\/index.php\/wp-json\/wp\/v2\/product_brand?post=4840"},{"taxonomy":"product_cat","embeddable":true,"href":"https:\/\/ferreterialafedecuicuilco.com\/index.php\/wp-json\/wp\/v2\/product_cat?post=4840"},{"taxonomy":"product_tag","embeddable":true,"href":"https:\/\/ferreterialafedecuicuilco.com\/index.php\/wp-json\/wp\/v2\/product_tag?post=4840"}],"curies":[{"name":"wp","href":"https:\/\/api.w.org\/{rel}","templated":true}]}}