{"id":4842,"date":"2024-10-18T17:36:04","date_gmt":"2024-10-18T23:36:04","guid":{"rendered":"https:\/\/ferreterialafedecuicuilco.com\/index.php\/producto\/producto-685\/"},"modified":"2025-04-30T10:24:27","modified_gmt":"2025-04-30T16:24:27","slug":"producto-685","status":"publish","type":"product","link":"https:\/\/ferreterialafedecuicuilco.com\/index.php\/producto\/producto-685\/","title":{"rendered":"Polipasto el\u00e9ctrico 1 ramal,  0.8 ton, cable 12 m"},"content":{"rendered":"<ul>\n<li>Capacidad de carga de 1,000 kg. M\u00e1xima apertura de gancho 22mm<\/li>\n<li>Interruptor para l\u00edmite de altura. Soportes para anclaje del polipasto.<\/li>\n<li>Longitud del cable de acero de 12 metros<\/li>\n<li>La gr\u00faa del polipasto puede girar 360\u00b0, evita que el cable de acero se atasque.<\/li>\n<li>Cable el\u00e9ctrico de 1.5m de longitud<\/li>\n<li>Usados mayormente en la industria para el izaje y manejo de carga<\/li>\n<li>El polipasto se detendr\u00e1 autom\u00e1ticamente cuando la carga llegue al l\u00edmite de altura<\/li>\n<li>Capacidad: 800 Kg<\/li>\n<li>Grupo Fem: F\/I<\/li>\n<li>Control: 12 M<\/li>\n<li>Peso: 18 Kg<\/li>\n<li>Potencia De Motor: 1150 W<\/li>\n<li>Ramales De Cadena: 1<\/li>\n<li>Velocidad De Elevaci\u00f3n: F\/I<\/li>\n<li>Voltaje: 127 V\u00bb Polipastos el\u00e9ctrico<\/li>\n<\/ul>\n","protected":false},"excerpt":{"rendered":"<ul>\n<li>Capacidad de carga de 1,000 kg. M\u00e1xima apertura de gancho 22mm<\/li>\n<li>Interruptor para l\u00edmite de altura. Soportes para anclaje del polipasto.<\/li>\n<li>Longitud del cable de acero de 12 metros<\/li>\n<li>La gr\u00faa del polipasto puede girar 360\u00b0, evita que el cable de acero se atasque.<\/li>\n<li>Cable el\u00e9ctrico de 1.5m de longitud<\/li>\n<li>Usados mayormente en la industria para el izaje y manejo de carga<\/li>\n<li>El polipasto se detendr\u00e1 autom\u00e1ticamente cuando la carga llegue al l\u00edmite de altura<\/li>\n<li>Capacidad: 800 Kg<\/li>\n<li>Grupo Fem: F\/I<\/li>\n<li>Control: 12 M<\/li>\n<li>Peso: 18 Kg<\/li>\n<li>Potencia De Motor: 1150 W<\/li>\n<li>Ramales De Cadena: 1<\/li>\n<li>Velocidad De Elevaci\u00f3n: F\/I<\/li>\n<li>Voltaje: 127 V\u00bb Polipastos el\u00e9ctrico<\/li>\n<\/ul>\n","protected":false},"featured_media":5157,"comment_status":"open","ping_status":"closed","template":"","meta":{"site-sidebar-layout":"default","site-content-layout":"","ast-site-content-layout":"default","site-content-style":"default","site-sidebar-style":"default","ast-global-header-display":"","ast-banner-title-visibility":"","ast-main-header-display":"","ast-hfb-above-header-display":"","ast-hfb-below-header-display":"","ast-hfb-mobile-header-display":"","site-post-title":"","ast-breadcrumbs-content":"","ast-featured-img":"","footer-sml-layout":"","ast-disable-related-posts":"","theme-transparent-header-meta":"default","adv-header-id-meta":"","stick-header-meta":"","header-above-stick-meta":"","header-main-stick-meta":"","header-below-stick-meta":"","astra-migrate-meta-layouts":"set","ast-page-background-enabled":"default","ast-page-background-meta":{"desktop":{"background-color":"var(--ast-global-color-4)","background-image":"","background-repeat":"repeat","background-position":"center center","background-size":"auto","background-attachment":"scroll","background-type":"","background-media":"","overlay-type":"","overlay-color":"","overlay-opacity":"","overlay-gradient":""},"tablet":{"background-color":"","background-image":"","background-repeat":"repeat","background-position":"center center","background-size":"auto","background-attachment":"scroll","background-type":"","background-media":"","overlay-type":"","overlay-color":"","overlay-opacity":"","overlay-gradient":""},"mobile":{"background-color":"","background-image":"","background-repeat":"repeat","background-position":"center center","background-size":"auto","background-attachment":"scroll","background-type":"","background-media":"","overlay-type":"","overlay-color":"","overlay-opacity":"","overlay-gradient":""}},"ast-content-background-meta":{"desktop":{"background-color":"var(--ast-global-color-5)","background-image":"","background-repeat":"repeat","background-position":"center center","background-size":"auto","background-attachment":"scroll","background-type":"","background-media":"","overlay-type":"","overlay-color":"","overlay-opacity":"","overlay-gradient":""},"tablet":{"background-color":"var(--ast-global-color-5)","background-image":"","background-repeat":"repeat","background-position":"center center","background-size":"auto","background-attachment":"scroll","background-type":"","background-media":"","overlay-type":"","overlay-color":"","overlay-opacity":"","overlay-gradient":""},"mobile":{"background-color":"var(--ast-global-color-5)","background-image":"","background-repeat":"repeat","background-position":"center center","background-size":"auto","background-attachment":"scroll","background-type":"","background-media":"","overlay-type":"","overlay-color":"","overlay-opacity":"","overlay-gradient":""}}},"product_brand":[],"product_cat":[52,92,41],"product_tag":[],"class_list":{"0":"post-4842","1":"product","2":"type-product","3":"status-publish","4":"has-post-thumbnail","6":"product_cat-manejo-de-carga-cadenas","7":"product_cat-polipastos-electricos","8":"product_cat-surtek","9":"desktop-align-left","10":"tablet-align-left","11":"mobile-align-left","13":"first","14":"instock","15":"shipping-taxable","16":"purchasable","17":"product-type-simple"},"jetpack_sharing_enabled":true,"_links":{"self":[{"href":"https:\/\/ferreterialafedecuicuilco.com\/index.php\/wp-json\/wp\/v2\/product\/4842","targetHints":{"allow":["GET"]}}],"collection":[{"href":"https:\/\/ferreterialafedecuicuilco.com\/index.php\/wp-json\/wp\/v2\/product"}],"about":[{"href":"https:\/\/ferreterialafedecuicuilco.com\/index.php\/wp-json\/wp\/v2\/types\/product"}],"replies":[{"embeddable":true,"href":"https:\/\/ferreterialafedecuicuilco.com\/index.php\/wp-json\/wp\/v2\/comments?post=4842"}],"wp:featuredmedia":[{"embeddable":true,"href":"https:\/\/ferreterialafedecuicuilco.com\/index.php\/wp-json\/wp\/v2\/media\/5157"}],"wp:attachment":[{"href":"https:\/\/ferreterialafedecuicuilco.com\/index.php\/wp-json\/wp\/v2\/media?parent=4842"}],"wp:term":[{"taxonomy":"product_brand","embeddable":true,"href":"https:\/\/ferreterialafedecuicuilco.com\/index.php\/wp-json\/wp\/v2\/product_brand?post=4842"},{"taxonomy":"product_cat","embeddable":true,"href":"https:\/\/ferreterialafedecuicuilco.com\/index.php\/wp-json\/wp\/v2\/product_cat?post=4842"},{"taxonomy":"product_tag","embeddable":true,"href":"https:\/\/ferreterialafedecuicuilco.com\/index.php\/wp-json\/wp\/v2\/product_tag?post=4842"}],"curies":[{"name":"wp","href":"https:\/\/api.w.org\/{rel}","templated":true}]}}