{"id":4862,"date":"2024-10-18T17:36:13","date_gmt":"2024-10-18T23:36:13","guid":{"rendered":"https:\/\/ferreterialafedecuicuilco.com\/index.php\/producto\/producto-705\/"},"modified":"2025-03-20T17:50:58","modified_gmt":"2025-03-20T23:50:58","slug":"producto-705","status":"publish","type":"product","link":"https:\/\/ferreterialafedecuicuilco.com\/index.php\/producto\/producto-705\/","title":{"rendered":"Motosierra a gasolina 16&#8243;, 38cc"},"content":{"rendered":"<ul>\n<li>Potencia: 1.8 HP. Cilindrada: 38 CC. Longitud de barra: 16&#8243;\u00bb (406 mm).<\/li>\n<li>Velocidad de motor: 8000 rpm. Mezcla de combustible y aceite: 40:1.<\/li>\n<li>Capacidad de tanque: 310 ml. Capacidad de tanque de aceite: 210 ml. Peso: 5.8 kg.<\/li>\n<li>Paso de cadena: 0.375&#8243; (8.25 mm). Sistema de freno para evitar el contragolpe.<\/li>\n<li>Sistema de lubricaci\u00f3n de cadena.<\/li>\n<li>Mango delantero tipo \u00abD\u00bb y mango trasero para mejor agarre.<\/li>\n<li>Sistema que reduce la vibraci\u00f3n.<\/li>\n<li>Ideal para realizar trabajos en madera, se emplea principalmente en zonas abiertas donde se requiere realizar cortes en madera virgen.<\/li>\n<li>Con la motosierra Surtek obtendr\u00e1 una gran potencia con un sistema seguro que le permitir\u00e1 trabajar de manera c\u00f3moda y segura.<\/li>\n<li>El carburador Walbro le permite tener una mezcla de aire y combustible eficaz, as\u00ed como la cadena Oregon le permitir\u00e1 obtener corte f\u00e1ciles y r\u00e1pidos, prolongando la vida \u00fatil de la misma gracias a su alta calidad.<\/li>\n<li>Motosierra 16&#8243;, 38 CC. Destornillador. Bote de mezcla de combustible.<\/li>\n<li>ima para cadena.<\/li>\n<\/ul>\n","protected":false},"excerpt":{"rendered":"<ul>\n<li>Potencia: 1.8 HP. Cilindrada: 38 CC. Longitud de barra: 16&#8243;\u00bb (406 mm).<\/li>\n<li>Velocidad de motor: 8000 rpm. Mezcla de combustible y aceite: 40:1.<\/li>\n<li>Capacidad de tanque: 310 ml. Capacidad de tanque de aceite: 210 ml. Peso: 5.8 kg.<\/li>\n<li>Paso de cadena: 0.375&#8243; (8.25 mm). Sistema de freno para evitar el contragolpe.<\/li>\n<li>Sistema de lubricaci\u00f3n de cadena.<\/li>\n<li>Mango delantero tipo \u00abD\u00bb y mango trasero para mejor agarre.<\/li>\n<li>Sistema que reduce la vibraci\u00f3n.<\/li>\n<li>Ideal para realizar trabajos en madera, se emplea principalmente en zonas abiertas donde se requiere realizar cortes en madera virgen.<\/li>\n<li>Con la motosierra Surtek obtendr\u00e1 una gran potencia con un sistema seguro que le permitir\u00e1 trabajar de manera c\u00f3moda y segura.<\/li>\n<li>El carburador Walbro le permite tener una mezcla de aire y combustible eficaz, as\u00ed como la cadena Oregon le permitir\u00e1 obtener corte f\u00e1ciles y r\u00e1pidos, prolongando la vida \u00fatil de la misma gracias a su alta calidad.<\/li>\n<li>Motosierra 16&#8243;, 38 CC. Destornillador. Bote de mezcla de combustible.<\/li>\n<li>ima para cadena.<\/li>\n<\/ul>\n","protected":false},"featured_media":5079,"comment_status":"open","ping_status":"closed","template":"","meta":{"site-sidebar-layout":"default","site-content-layout":"","ast-site-content-layout":"default","site-content-style":"default","site-sidebar-style":"default","ast-global-header-display":"","ast-banner-title-visibility":"","ast-main-header-display":"","ast-hfb-above-header-display":"","ast-hfb-below-header-display":"","ast-hfb-mobile-header-display":"","site-post-title":"","ast-breadcrumbs-content":"","ast-featured-img":"","footer-sml-layout":"","ast-disable-related-posts":"","theme-transparent-header-meta":"default","adv-header-id-meta":"","stick-header-meta":"","header-above-stick-meta":"","header-main-stick-meta":"","header-below-stick-meta":"","astra-migrate-meta-layouts":"set","ast-page-background-enabled":"default","ast-page-background-meta":{"desktop":{"background-color":"var(--ast-global-color-4)","background-image":"","background-repeat":"repeat","background-position":"center center","background-size":"auto","background-attachment":"scroll","background-type":"","background-media":"","overlay-type":"","overlay-color":"","overlay-opacity":"","overlay-gradient":""},"tablet":{"background-color":"","background-image":"","background-repeat":"repeat","background-position":"center center","background-size":"auto","background-attachment":"scroll","background-type":"","background-media":"","overlay-type":"","overlay-color":"","overlay-opacity":"","overlay-gradient":""},"mobile":{"background-color":"","background-image":"","background-repeat":"repeat","background-position":"center center","background-size":"auto","background-attachment":"scroll","background-type":"","background-media":"","overlay-type":"","overlay-color":"","overlay-opacity":"","overlay-gradient":""}},"ast-content-background-meta":{"desktop":{"background-color":"var(--ast-global-color-5)","background-image":"","background-repeat":"repeat","background-position":"center center","background-size":"auto","background-attachment":"scroll","background-type":"","background-media":"","overlay-type":"","overlay-color":"","overlay-opacity":"","overlay-gradient":""},"tablet":{"background-color":"var(--ast-global-color-5)","background-image":"","background-repeat":"repeat","background-position":"center center","background-size":"auto","background-attachment":"scroll","background-type":"","background-media":"","overlay-type":"","overlay-color":"","overlay-opacity":"","overlay-gradient":""},"mobile":{"background-color":"var(--ast-global-color-5)","background-image":"","background-repeat":"repeat","background-position":"center center","background-size":"auto","background-attachment":"scroll","background-type":"","background-media":"","overlay-type":"","overlay-color":"","overlay-opacity":"","overlay-gradient":""}}},"product_brand":[],"product_cat":[32,17,41],"product_tag":[],"class_list":{"0":"post-4862","1":"product","2":"type-product","3":"status-publish","4":"has-post-thumbnail","6":"product_cat-agricultura-y-jardineria","7":"product_cat-sin-categorizar","8":"product_cat-surtek","9":"desktop-align-left","10":"tablet-align-left","11":"mobile-align-left","13":"first","14":"instock","15":"shipping-taxable","16":"purchasable","17":"product-type-simple"},"jetpack_sharing_enabled":true,"_links":{"self":[{"href":"https:\/\/ferreterialafedecuicuilco.com\/index.php\/wp-json\/wp\/v2\/product\/4862","targetHints":{"allow":["GET"]}}],"collection":[{"href":"https:\/\/ferreterialafedecuicuilco.com\/index.php\/wp-json\/wp\/v2\/product"}],"about":[{"href":"https:\/\/ferreterialafedecuicuilco.com\/index.php\/wp-json\/wp\/v2\/types\/product"}],"replies":[{"embeddable":true,"href":"https:\/\/ferreterialafedecuicuilco.com\/index.php\/wp-json\/wp\/v2\/comments?post=4862"}],"wp:featuredmedia":[{"embeddable":true,"href":"https:\/\/ferreterialafedecuicuilco.com\/index.php\/wp-json\/wp\/v2\/media\/5079"}],"wp:attachment":[{"href":"https:\/\/ferreterialafedecuicuilco.com\/index.php\/wp-json\/wp\/v2\/media?parent=4862"}],"wp:term":[{"taxonomy":"product_brand","embeddable":true,"href":"https:\/\/ferreterialafedecuicuilco.com\/index.php\/wp-json\/wp\/v2\/product_brand?post=4862"},{"taxonomy":"product_cat","embeddable":true,"href":"https:\/\/ferreterialafedecuicuilco.com\/index.php\/wp-json\/wp\/v2\/product_cat?post=4862"},{"taxonomy":"product_tag","embeddable":true,"href":"https:\/\/ferreterialafedecuicuilco.com\/index.php\/wp-json\/wp\/v2\/product_tag?post=4862"}],"curies":[{"name":"wp","href":"https:\/\/api.w.org\/{rel}","templated":true}]}}