{"id":4863,"date":"2024-10-18T17:36:13","date_gmt":"2024-10-18T23:36:13","guid":{"rendered":"https:\/\/ferreterialafedecuicuilco.com\/index.php\/producto\/producto-706\/"},"modified":"2025-03-20T17:21:03","modified_gmt":"2025-03-20T23:21:03","slug":"producto-706","status":"publish","type":"product","link":"https:\/\/ferreterialafedecuicuilco.com\/index.php\/producto\/producto-706\/","title":{"rendered":"Motosierra a gasolina 20&#8243;, 52cc"},"content":{"rendered":"<ul>\n<li>Potencia: 3 HP. Cilindrada: 52 CC. Longitud de barra: 20&#8243; (508 mm).<\/li>\n<li>Velocidad de motor: 8000 rpm. Mezcla de combustible y aceite: 40:1.<\/li>\n<li>Capacidad de tanque: 520 ml. Capacidad de tanque de aceite: 260 ml. Peso: 7.5 kg.<\/li>\n<li>Paso de cadena: 0.325&#8243; (8.25 mm).\n<ul>\n<li>Sistema de freno para evitar el contragolpe.<\/li>\n<\/ul>\n<\/li>\n<li>Sistema de lubricaci\u00f3n de cadena.<\/li>\n<li>Mango delantero tipo \u00abD\u00bb y mango trasero para mejor agarre. Sistema que reduce la vibraci\u00f3n.<\/li>\n<li>Ideal para realizar trabajos en madera, se emplea principalmente en zonas abiertas donde se requiere realizar cortes en madera virgen.<\/li>\n<li>Con la motosierra Surtek obtendr\u00e1 una gran potencia con un sistema seguro que le permitir\u00e1 trabajar de manera c\u00f3moda y segura.<\/li>\n<li>El carburador Walbro le permite tener una mezcla de aire y combustible eficaz, as\u00ed como la cadena Oregon le permitir\u00e1 obtener corte f\u00e1ciles y r\u00e1pidos, prolongando la vida \u00fatil de la misma gracias a su alta calidad.<\/li>\n<li>Motosierra 20&#8243;, 52 CC. Destornillador. Bote de mezcla de combustible. Lima para cadena.<\/li>\n<\/ul>\n","protected":false},"excerpt":{"rendered":"<ul>\n<li>Potencia: 3 HP. Cilindrada: 52 CC. Longitud de barra: 20&#8243; (508 mm).<\/li>\n<li>Velocidad de motor: 8000 rpm. Mezcla de combustible y aceite: 40:1.<\/li>\n<li>Capacidad de tanque: 520 ml. Capacidad de tanque de aceite: 260 ml. Peso: 7.5 kg.<\/li>\n<li>Paso de cadena: 0.325&#8243; (8.25 mm).<\/li>\n<li>Sistema de freno para evitar el contragolpe.<\/li>\n<li>Sistema de lubricaci\u00f3n de cadena.<\/li>\n<li>Mango delantero tipo \u00abD\u00bb y mango trasero para mejor agarre. Sistema que reduce la vibraci\u00f3n.<\/li>\n<li>Ideal para realizar trabajos en madera, se emplea principalmente en zonas abiertas donde se requiere realizar cortes en madera virgen.<\/li>\n<li>Con la motosierra Surtek obtendr\u00e1 una gran potencia con un sistema seguro que le permitir\u00e1 trabajar de manera c\u00f3moda y segura.<\/li>\n<li>El carburador Walbro le permite tener una mezcla de aire y combustible eficaz, as\u00ed como la cadena Oregon le permitir\u00e1 obtener corte f\u00e1ciles y r\u00e1pidos, prolongando la vida \u00fatil de la misma gracias a su alta calidad.<\/li>\n<li>Motosierra 20&#8243;, 52 CC. Destornillador. Bote de mezcla de combustible. Lima para cadena.<\/li>\n<\/ul>\n","protected":false},"featured_media":5077,"comment_status":"open","ping_status":"closed","template":"","meta":{"site-sidebar-layout":"default","site-content-layout":"","ast-site-content-layout":"default","site-content-style":"default","site-sidebar-style":"default","ast-global-header-display":"","ast-banner-title-visibility":"","ast-main-header-display":"","ast-hfb-above-header-display":"","ast-hfb-below-header-display":"","ast-hfb-mobile-header-display":"","site-post-title":"","ast-breadcrumbs-content":"","ast-featured-img":"","footer-sml-layout":"","ast-disable-related-posts":"","theme-transparent-header-meta":"default","adv-header-id-meta":"","stick-header-meta":"","header-above-stick-meta":"","header-main-stick-meta":"","header-below-stick-meta":"","astra-migrate-meta-layouts":"set","ast-page-background-enabled":"default","ast-page-background-meta":{"desktop":{"background-color":"var(--ast-global-color-4)","background-image":"","background-repeat":"repeat","background-position":"center center","background-size":"auto","background-attachment":"scroll","background-type":"","background-media":"","overlay-type":"","overlay-color":"","overlay-opacity":"","overlay-gradient":""},"tablet":{"background-color":"","background-image":"","background-repeat":"repeat","background-position":"center center","background-size":"auto","background-attachment":"scroll","background-type":"","background-media":"","overlay-type":"","overlay-color":"","overlay-opacity":"","overlay-gradient":""},"mobile":{"background-color":"","background-image":"","background-repeat":"repeat","background-position":"center center","background-size":"auto","background-attachment":"scroll","background-type":"","background-media":"","overlay-type":"","overlay-color":"","overlay-opacity":"","overlay-gradient":""}},"ast-content-background-meta":{"desktop":{"background-color":"var(--ast-global-color-5)","background-image":"","background-repeat":"repeat","background-position":"center center","background-size":"auto","background-attachment":"scroll","background-type":"","background-media":"","overlay-type":"","overlay-color":"","overlay-opacity":"","overlay-gradient":""},"tablet":{"background-color":"var(--ast-global-color-5)","background-image":"","background-repeat":"repeat","background-position":"center center","background-size":"auto","background-attachment":"scroll","background-type":"","background-media":"","overlay-type":"","overlay-color":"","overlay-opacity":"","overlay-gradient":""},"mobile":{"background-color":"var(--ast-global-color-5)","background-image":"","background-repeat":"repeat","background-position":"center center","background-size":"auto","background-attachment":"scroll","background-type":"","background-media":"","overlay-type":"","overlay-color":"","overlay-opacity":"","overlay-gradient":""}}},"product_brand":[],"product_cat":[32,41],"product_tag":[],"class_list":{"0":"post-4863","1":"product","2":"type-product","3":"status-publish","4":"has-post-thumbnail","6":"product_cat-agricultura-y-jardineria","7":"product_cat-surtek","8":"desktop-align-left","9":"tablet-align-left","10":"mobile-align-left","12":"first","13":"instock","14":"shipping-taxable","15":"purchasable","16":"product-type-simple"},"jetpack_sharing_enabled":true,"_links":{"self":[{"href":"https:\/\/ferreterialafedecuicuilco.com\/index.php\/wp-json\/wp\/v2\/product\/4863","targetHints":{"allow":["GET"]}}],"collection":[{"href":"https:\/\/ferreterialafedecuicuilco.com\/index.php\/wp-json\/wp\/v2\/product"}],"about":[{"href":"https:\/\/ferreterialafedecuicuilco.com\/index.php\/wp-json\/wp\/v2\/types\/product"}],"replies":[{"embeddable":true,"href":"https:\/\/ferreterialafedecuicuilco.com\/index.php\/wp-json\/wp\/v2\/comments?post=4863"}],"wp:featuredmedia":[{"embeddable":true,"href":"https:\/\/ferreterialafedecuicuilco.com\/index.php\/wp-json\/wp\/v2\/media\/5077"}],"wp:attachment":[{"href":"https:\/\/ferreterialafedecuicuilco.com\/index.php\/wp-json\/wp\/v2\/media?parent=4863"}],"wp:term":[{"taxonomy":"product_brand","embeddable":true,"href":"https:\/\/ferreterialafedecuicuilco.com\/index.php\/wp-json\/wp\/v2\/product_brand?post=4863"},{"taxonomy":"product_cat","embeddable":true,"href":"https:\/\/ferreterialafedecuicuilco.com\/index.php\/wp-json\/wp\/v2\/product_cat?post=4863"},{"taxonomy":"product_tag","embeddable":true,"href":"https:\/\/ferreterialafedecuicuilco.com\/index.php\/wp-json\/wp\/v2\/product_tag?post=4863"}],"curies":[{"name":"wp","href":"https:\/\/api.w.org\/{rel}","templated":true}]}}