{"id":4865,"date":"2024-10-18T17:36:14","date_gmt":"2024-10-18T23:36:14","guid":{"rendered":"https:\/\/ferreterialafedecuicuilco.com\/index.php\/producto\/producto-708\/"},"modified":"2025-03-20T16:58:08","modified_gmt":"2025-03-20T22:58:08","slug":"producto-708","status":"publish","type":"product","link":"https:\/\/ferreterialafedecuicuilco.com\/index.php\/producto\/producto-708\/","title":{"rendered":"Aspiradora de acero inoxidable 10 galones, 6 HP"},"content":{"rendered":"<ul>\n<li>Capacidad de tanque de 10 galones. Longitud del cable de alimentaci\u00f3n de 4.8 m. Voltaje de 120 V.<\/li>\n<li>Potencia 6 HP. Caudal de aire: 96 CFM. Peso neto: 10 kg.<\/li>\n<li>Tiempo de operaci\u00f3n de 50 min por 15 min de descanso.<\/li>\n<li>Consumo energ\u00e9tico 1.2 KWh.<\/li>\n<li>Con ruedas para f\u00e1cil transportaci\u00f3n.<\/li>\n<li>Ideal para la limpieza de superficies, absorci\u00f3n de polvos y l\u00edquidos, recolecci\u00f3n de deshechos y derrames.<\/li>\n<li>Aspiradora. Manguera de 1.8 m. 2 Extensiones met\u00e1licas.<\/li>\n<li>Boquilla para grietas.<\/li>\n<li>Boquilla utilitaria. Cepillo para suelos.<\/li>\n<li>Filtro de cartucho para polvo fino. Bolsa de filtro desechable. Manual de usuario<\/li>\n<\/ul>\n","protected":false},"excerpt":{"rendered":"<ul>\n<li>Capacidad de tanque de 10 galones. Longitud del cable de alimentaci\u00f3n de 4.8 m. Voltaje de 120 V.<\/li>\n<li>Potencia 6 HP. Caudal de aire: 96 CFM. Peso neto: 10 kg.<\/li>\n<li>Tiempo de operaci\u00f3n de 50 min por 15 min de descanso.<\/li>\n<li>Consumo energ\u00e9tico 1.2 KWh.<\/li>\n<li>Con ruedas para f\u00e1cil transportaci\u00f3n.<\/li>\n<li>Ideal para la limpieza de superficies, absorci\u00f3n de polvos y l\u00edquidos, recolecci\u00f3n de deshechos y derrames.<\/li>\n<li>Aspiradora. Manguera de 1.8 m. 2 Extensiones met\u00e1licas.<\/li>\n<li>Boquilla para grietas.<\/li>\n<li>Boquilla utilitaria. Cepillo para suelos.<\/li>\n<li>Filtro de cartucho para polvo fino. Bolsa de filtro desechable. Manual de usuario<\/li>\n<\/ul>\n","protected":false},"featured_media":5073,"comment_status":"open","ping_status":"closed","template":"","meta":{"site-sidebar-layout":"default","site-content-layout":"","ast-site-content-layout":"default","site-content-style":"default","site-sidebar-style":"default","ast-global-header-display":"","ast-banner-title-visibility":"","ast-main-header-display":"","ast-hfb-above-header-display":"","ast-hfb-below-header-display":"","ast-hfb-mobile-header-display":"","site-post-title":"","ast-breadcrumbs-content":"","ast-featured-img":"","footer-sml-layout":"","ast-disable-related-posts":"","theme-transparent-header-meta":"default","adv-header-id-meta":"","stick-header-meta":"","header-above-stick-meta":"","header-main-stick-meta":"","header-below-stick-meta":"","astra-migrate-meta-layouts":"set","ast-page-background-enabled":"default","ast-page-background-meta":{"desktop":{"background-color":"var(--ast-global-color-4)","background-image":"","background-repeat":"repeat","background-position":"center center","background-size":"auto","background-attachment":"scroll","background-type":"","background-media":"","overlay-type":"","overlay-color":"","overlay-opacity":"","overlay-gradient":""},"tablet":{"background-color":"","background-image":"","background-repeat":"repeat","background-position":"center center","background-size":"auto","background-attachment":"scroll","background-type":"","background-media":"","overlay-type":"","overlay-color":"","overlay-opacity":"","overlay-gradient":""},"mobile":{"background-color":"","background-image":"","background-repeat":"repeat","background-position":"center center","background-size":"auto","background-attachment":"scroll","background-type":"","background-media":"","overlay-type":"","overlay-color":"","overlay-opacity":"","overlay-gradient":""}},"ast-content-background-meta":{"desktop":{"background-color":"var(--ast-global-color-5)","background-image":"","background-repeat":"repeat","background-position":"center center","background-size":"auto","background-attachment":"scroll","background-type":"","background-media":"","overlay-type":"","overlay-color":"","overlay-opacity":"","overlay-gradient":""},"tablet":{"background-color":"var(--ast-global-color-5)","background-image":"","background-repeat":"repeat","background-position":"center center","background-size":"auto","background-attachment":"scroll","background-type":"","background-media":"","overlay-type":"","overlay-color":"","overlay-opacity":"","overlay-gradient":""},"mobile":{"background-color":"var(--ast-global-color-5)","background-image":"","background-repeat":"repeat","background-position":"center center","background-size":"auto","background-attachment":"scroll","background-type":"","background-media":"","overlay-type":"","overlay-color":"","overlay-opacity":"","overlay-gradient":""}}},"product_brand":[],"product_cat":[48,17,42],"product_tag":[],"class_list":{"0":"post-4865","1":"product","2":"type-product","3":"status-publish","4":"has-post-thumbnail","6":"product_cat-equipos-aspiradoras","7":"product_cat-sin-categorizar","8":"product_cat-urrea","9":"desktop-align-left","10":"tablet-align-left","11":"mobile-align-left","13":"first","14":"instock","15":"shipping-taxable","16":"purchasable","17":"product-type-simple"},"jetpack_sharing_enabled":true,"_links":{"self":[{"href":"https:\/\/ferreterialafedecuicuilco.com\/index.php\/wp-json\/wp\/v2\/product\/4865","targetHints":{"allow":["GET"]}}],"collection":[{"href":"https:\/\/ferreterialafedecuicuilco.com\/index.php\/wp-json\/wp\/v2\/product"}],"about":[{"href":"https:\/\/ferreterialafedecuicuilco.com\/index.php\/wp-json\/wp\/v2\/types\/product"}],"replies":[{"embeddable":true,"href":"https:\/\/ferreterialafedecuicuilco.com\/index.php\/wp-json\/wp\/v2\/comments?post=4865"}],"wp:featuredmedia":[{"embeddable":true,"href":"https:\/\/ferreterialafedecuicuilco.com\/index.php\/wp-json\/wp\/v2\/media\/5073"}],"wp:attachment":[{"href":"https:\/\/ferreterialafedecuicuilco.com\/index.php\/wp-json\/wp\/v2\/media?parent=4865"}],"wp:term":[{"taxonomy":"product_brand","embeddable":true,"href":"https:\/\/ferreterialafedecuicuilco.com\/index.php\/wp-json\/wp\/v2\/product_brand?post=4865"},{"taxonomy":"product_cat","embeddable":true,"href":"https:\/\/ferreterialafedecuicuilco.com\/index.php\/wp-json\/wp\/v2\/product_cat?post=4865"},{"taxonomy":"product_tag","embeddable":true,"href":"https:\/\/ferreterialafedecuicuilco.com\/index.php\/wp-json\/wp\/v2\/product_tag?post=4865"}],"curies":[{"name":"wp","href":"https:\/\/api.w.org\/{rel}","templated":true}]}}