{"id":4993,"date":"2024-11-12T16:55:38","date_gmt":"2024-11-12T22:55:38","guid":{"rendered":"https:\/\/ferreterialafedecuicuilco.com\/?post_type=product&#038;p=4993"},"modified":"2024-12-01T00:01:19","modified_gmt":"2024-12-01T06:01:19","slug":"hidrolavadora-electrica-2000-w-127-v-1850-psi-8-5-lt-por-minuto-flujo-maximo-surtek","status":"publish","type":"product","link":"https:\/\/ferreterialafedecuicuilco.com\/index.php\/producto\/hidrolavadora-electrica-2000-w-127-v-1850-psi-8-5-lt-por-minuto-flujo-maximo-surtek\/","title":{"rendered":"Hidrolavadora el\u00e9ctrica 2000 W 127 V 1850 PSI, 8.5 Lt por minuto flujo m\u00e1ximo Surtek"},"content":{"rendered":"<ul>\n<li>Presi\u00f3n m\u00e1xima: 1 850 PSI, presi\u00f3n normal: 1 250 PSI, velocidad en vaci\u00f3: 3 400 r\/min, Voltaje: 120 V.<\/li>\n<li>Tiempo de operaci\u00f3n: 30 min \/ 10 min, frecuencia 60 Hz, potencia: 2 000 W, voltaje: 127, motor de inducci\u00f3n monof\u00e1sico, caudal de 9.5 L\/min, voltaje de 220 V, frecuencia de 60 Hz, velocidad de motor 1 750 r\/min.<\/li>\n<li>34, 5 Kg.<\/li>\n<li>Manguera de caucho de 8 m con trenzado de acero de uso industrial con accesorios de conexi\u00f3n de rosca y una pistola rociadora de acero inoxidable premium.<\/li>\n<li>Bomba tr\u00edplex de uso industrial, carro met\u00e1lico con ruedas solidas.<\/li>\n<li>Hidrolavadora el\u00e9ctrica para limpieza profunda en varias aplicaciones como lavado de autos, limpieza industrial, remoci\u00f3n de pintura entre otras.<\/li>\n<li>1 Hidrolavadora el\u00e9ctrica, 1 lanza y pistola, 4 boquillas, 1 manguera, 1 manual de usuario<\/li>\n<\/ul>\n","protected":false},"excerpt":{"rendered":"<ul>\n<li>Presi\u00f3n m\u00e1xima: 1 850 PSI, presi\u00f3n normal: 1 250 PSI, velocidad en vaci\u00f3: 3 400 r\/min, Voltaje: 120 V.<\/li>\n<li>Tiempo de operaci\u00f3n: 30 min \/ 10 min, frecuencia 60 Hz, potencia: 2 000 W, voltaje: 127, motor de inducci\u00f3n monof\u00e1sico, caudal de 9.5 L\/min, voltaje de 220 V, frecuencia de 60 Hz, velocidad de motor 1 750 r\/min.<\/li>\n<li>34, 5 Kg.<\/li>\n<li>Manguera de caucho de 8 m con trenzado de acero de uso industrial con accesorios de conexi\u00f3n de rosca y una pistola rociadora de acero inoxidable premium.<\/li>\n<li>Bomba tr\u00edplex de uso industrial, carro met\u00e1lico con ruedas solidas.<\/li>\n<li>Hidrolavadora el\u00e9ctrica para limpieza profunda en varias aplicaciones como lavado de autos, limpieza industrial, remoci\u00f3n de pintura entre otras.<\/li>\n<li>1 Hidrolavadora el\u00e9ctrica, 1 lanza y pistola, 4 boquillas, 1 manguera, 1 manual de usuario<\/li>\n<\/ul>\n","protected":false},"featured_media":4994,"comment_status":"open","ping_status":"closed","template":"","meta":{"site-sidebar-layout":"default","site-content-layout":"","ast-site-content-layout":"default","site-content-style":"default","site-sidebar-style":"default","ast-global-header-display":"","ast-banner-title-visibility":"","ast-main-header-display":"","ast-hfb-above-header-display":"","ast-hfb-below-header-display":"","ast-hfb-mobile-header-display":"","site-post-title":"","ast-breadcrumbs-content":"","ast-featured-img":"","footer-sml-layout":"","ast-disable-related-posts":"","theme-transparent-header-meta":"default","adv-header-id-meta":"","stick-header-meta":"","header-above-stick-meta":"","header-main-stick-meta":"","header-below-stick-meta":"","astra-migrate-meta-layouts":"set","ast-page-background-enabled":"default","ast-page-background-meta":{"desktop":{"background-color":"var(--ast-global-color-4)","background-image":"","background-repeat":"repeat","background-position":"center center","background-size":"auto","background-attachment":"scroll","background-type":"","background-media":"","overlay-type":"","overlay-color":"","overlay-opacity":"","overlay-gradient":""},"tablet":{"background-color":"","background-image":"","background-repeat":"repeat","background-position":"center center","background-size":"auto","background-attachment":"scroll","background-type":"","background-media":"","overlay-type":"","overlay-color":"","overlay-opacity":"","overlay-gradient":""},"mobile":{"background-color":"","background-image":"","background-repeat":"repeat","background-position":"center center","background-size":"auto","background-attachment":"scroll","background-type":"","background-media":"","overlay-type":"","overlay-color":"","overlay-opacity":"","overlay-gradient":""}},"ast-content-background-meta":{"desktop":{"background-color":"var(--ast-global-color-5)","background-image":"","background-repeat":"repeat","background-position":"center center","background-size":"auto","background-attachment":"scroll","background-type":"","background-media":"","overlay-type":"","overlay-color":"","overlay-opacity":"","overlay-gradient":""},"tablet":{"background-color":"var(--ast-global-color-5)","background-image":"","background-repeat":"repeat","background-position":"center center","background-size":"auto","background-attachment":"scroll","background-type":"","background-media":"","overlay-type":"","overlay-color":"","overlay-opacity":"","overlay-gradient":""},"mobile":{"background-color":"var(--ast-global-color-5)","background-image":"","background-repeat":"repeat","background-position":"center center","background-size":"auto","background-attachment":"scroll","background-type":"","background-media":"","overlay-type":"","overlay-color":"","overlay-opacity":"","overlay-gradient":""}}},"product_brand":[],"product_cat":[89,41],"product_tag":[],"class_list":{"0":"post-4993","1":"product","2":"type-product","3":"status-publish","4":"has-post-thumbnail","6":"product_cat-equipos-hidrolavadoras-electricas","7":"product_cat-surtek","8":"desktop-align-left","9":"tablet-align-left","10":"mobile-align-left","12":"first","13":"instock","14":"shipping-taxable","15":"purchasable","16":"product-type-simple"},"jetpack_sharing_enabled":true,"_links":{"self":[{"href":"https:\/\/ferreterialafedecuicuilco.com\/index.php\/wp-json\/wp\/v2\/product\/4993","targetHints":{"allow":["GET"]}}],"collection":[{"href":"https:\/\/ferreterialafedecuicuilco.com\/index.php\/wp-json\/wp\/v2\/product"}],"about":[{"href":"https:\/\/ferreterialafedecuicuilco.com\/index.php\/wp-json\/wp\/v2\/types\/product"}],"replies":[{"embeddable":true,"href":"https:\/\/ferreterialafedecuicuilco.com\/index.php\/wp-json\/wp\/v2\/comments?post=4993"}],"wp:featuredmedia":[{"embeddable":true,"href":"https:\/\/ferreterialafedecuicuilco.com\/index.php\/wp-json\/wp\/v2\/media\/4994"}],"wp:attachment":[{"href":"https:\/\/ferreterialafedecuicuilco.com\/index.php\/wp-json\/wp\/v2\/media?parent=4993"}],"wp:term":[{"taxonomy":"product_brand","embeddable":true,"href":"https:\/\/ferreterialafedecuicuilco.com\/index.php\/wp-json\/wp\/v2\/product_brand?post=4993"},{"taxonomy":"product_cat","embeddable":true,"href":"https:\/\/ferreterialafedecuicuilco.com\/index.php\/wp-json\/wp\/v2\/product_cat?post=4993"},{"taxonomy":"product_tag","embeddable":true,"href":"https:\/\/ferreterialafedecuicuilco.com\/index.php\/wp-json\/wp\/v2\/product_tag?post=4993"}],"curies":[{"name":"wp","href":"https:\/\/api.w.org\/{rel}","templated":true}]}}