{"id":715,"date":"2023-10-07T15:33:27","date_gmt":"2023-10-07T21:33:27","guid":{"rendered":"https:\/\/ferreterialafedecuicuilco.com\/?post_type=product&#038;p=715"},"modified":"2025-05-30T15:36:54","modified_gmt":"2025-05-30T21:36:54","slug":"mascarilla-respirador-2-filtros-surtek","status":"publish","type":"product","link":"https:\/\/ferreterialafedecuicuilco.com\/index.php\/producto\/mascarilla-respirador-2-filtros-surtek\/","title":{"rendered":"Mascarilla respirador 2 filtros Surtek"},"content":{"rendered":"<p>Dise\u00f1o de media cara. Brinda protecci\u00f3n a nariz sin cubrir los ojos. Impide el paso de contaminantes transportados por el aire tales como p\u00e1rticulas.<\/p>\n<ul>\n<li>Respirador media cara.<\/li>\n<li>Uso profesional.<\/li>\n<li>Doble cartucho intercambiable. Incluye 2 cartuchos para vapores org\u00e1nicos.<\/li>\n<li>Correa el\u00e1stica ajustable.<\/li>\n<li>2 respiradores para cartucho.<\/li>\n<li>V\u00e1lvula de exhalaci\u00f3n.<\/li>\n<li>Impide el paso a vapores y gases t\u00f3xicos.<\/li>\n<li>Respirador de media cara<\/li>\n<\/ul>\n<p>Variedad de filtros disponibles para adaptarse a diferentes tipos de contaminantes.\u00a0 Sellado c\u00f3modo.<\/p>\n","protected":false},"excerpt":{"rendered":"<p>Dise\u00f1o de media cara. Brinda protecci\u00f3n a nariz sin cubrir los ojos. Impide el paso de contaminantes transportados por el aire tales como p\u00e1rticulas.<\/p>\n<ul>\n<li>Respirador media cara.<\/li>\n<li>Uso profesional.<\/li>\n<li>Doble cartucho intercambiable. Incluye 2 cartuchos para vapores org\u00e1nicos.<\/li>\n<li>Correa el\u00e1stica ajustable.<\/li>\n<li>2 respiradores para cartucho.<\/li>\n<li>V\u00e1lvula de exhalaci\u00f3n.<\/li>\n<li>Impide el paso a vapores y gases t\u00f3xicos.<\/li>\n<li>Respirador de media cara<\/li>\n<\/ul>\n<p>Variedad de filtros disponibles para adaptarse a diferentes tipos de contaminantes.\u00a0 Sellado c\u00f3modo.<\/p>\n","protected":false},"featured_media":5184,"comment_status":"open","ping_status":"closed","template":"","meta":{"site-sidebar-layout":"default","site-content-layout":"","ast-site-content-layout":"default","site-content-style":"default","site-sidebar-style":"default","ast-global-header-display":"","ast-banner-title-visibility":"","ast-main-header-display":"","ast-hfb-above-header-display":"","ast-hfb-below-header-display":"","ast-hfb-mobile-header-display":"","site-post-title":"","ast-breadcrumbs-content":"","ast-featured-img":"","footer-sml-layout":"","ast-disable-related-posts":"","theme-transparent-header-meta":"default","adv-header-id-meta":"","stick-header-meta":"","header-above-stick-meta":"","header-main-stick-meta":"","header-below-stick-meta":"","astra-migrate-meta-layouts":"set","ast-page-background-enabled":"default","ast-page-background-meta":{"desktop":{"background-color":"var(--ast-global-color-4)","background-image":"","background-repeat":"repeat","background-position":"center center","background-size":"auto","background-attachment":"scroll","background-type":"","background-media":"","overlay-type":"","overlay-color":"","overlay-opacity":"","overlay-gradient":""},"tablet":{"background-color":"","background-image":"","background-repeat":"repeat","background-position":"center center","background-size":"auto","background-attachment":"scroll","background-type":"","background-media":"","overlay-type":"","overlay-color":"","overlay-opacity":"","overlay-gradient":""},"mobile":{"background-color":"","background-image":"","background-repeat":"repeat","background-position":"center center","background-size":"auto","background-attachment":"scroll","background-type":"","background-media":"","overlay-type":"","overlay-color":"","overlay-opacity":"","overlay-gradient":""}},"ast-content-background-meta":{"desktop":{"background-color":"var(--ast-global-color-5)","background-image":"","background-repeat":"repeat","background-position":"center center","background-size":"auto","background-attachment":"scroll","background-type":"","background-media":"","overlay-type":"","overlay-color":"","overlay-opacity":"","overlay-gradient":""},"tablet":{"background-color":"var(--ast-global-color-5)","background-image":"","background-repeat":"repeat","background-position":"center center","background-size":"auto","background-attachment":"scroll","background-type":"","background-media":"","overlay-type":"","overlay-color":"","overlay-opacity":"","overlay-gradient":""},"mobile":{"background-color":"var(--ast-global-color-5)","background-image":"","background-repeat":"repeat","background-position":"center center","background-size":"auto","background-attachment":"scroll","background-type":"","background-media":"","overlay-type":"","overlay-color":"","overlay-opacity":"","overlay-gradient":""}}},"product_brand":[],"product_cat":[27,41],"product_tag":[],"class_list":{"0":"post-715","1":"product","2":"type-product","3":"status-publish","4":"has-post-thumbnail","6":"product_cat-equipo-de-seguridad","7":"product_cat-surtek","8":"desktop-align-left","9":"tablet-align-left","10":"mobile-align-left","12":"first","13":"instock","14":"shipping-taxable","15":"purchasable","16":"product-type-simple"},"jetpack_sharing_enabled":true,"_links":{"self":[{"href":"https:\/\/ferreterialafedecuicuilco.com\/index.php\/wp-json\/wp\/v2\/product\/715","targetHints":{"allow":["GET"]}}],"collection":[{"href":"https:\/\/ferreterialafedecuicuilco.com\/index.php\/wp-json\/wp\/v2\/product"}],"about":[{"href":"https:\/\/ferreterialafedecuicuilco.com\/index.php\/wp-json\/wp\/v2\/types\/product"}],"replies":[{"embeddable":true,"href":"https:\/\/ferreterialafedecuicuilco.com\/index.php\/wp-json\/wp\/v2\/comments?post=715"}],"wp:featuredmedia":[{"embeddable":true,"href":"https:\/\/ferreterialafedecuicuilco.com\/index.php\/wp-json\/wp\/v2\/media\/5184"}],"wp:attachment":[{"href":"https:\/\/ferreterialafedecuicuilco.com\/index.php\/wp-json\/wp\/v2\/media?parent=715"}],"wp:term":[{"taxonomy":"product_brand","embeddable":true,"href":"https:\/\/ferreterialafedecuicuilco.com\/index.php\/wp-json\/wp\/v2\/product_brand?post=715"},{"taxonomy":"product_cat","embeddable":true,"href":"https:\/\/ferreterialafedecuicuilco.com\/index.php\/wp-json\/wp\/v2\/product_cat?post=715"},{"taxonomy":"product_tag","embeddable":true,"href":"https:\/\/ferreterialafedecuicuilco.com\/index.php\/wp-json\/wp\/v2\/product_tag?post=715"}],"curies":[{"name":"wp","href":"https:\/\/api.w.org\/{rel}","templated":true}]}}