{"id":751,"date":"2023-10-09T11:05:59","date_gmt":"2023-10-09T17:05:59","guid":{"rendered":"https:\/\/ferreterialafedecuicuilco.com\/?post_type=product&#038;p=751"},"modified":"2025-06-16T14:58:25","modified_gmt":"2025-06-16T20:58:25","slug":"juego-combinado-de-herramienta-39-piezas-con-mochila-urrea","status":"publish","type":"product","link":"https:\/\/ferreterialafedecuicuilco.com\/index.php\/producto\/juego-combinado-de-herramienta-39-piezas-con-mochila-urrea\/","title":{"rendered":"Juego combinado de herramienta, 39 piezas con mochila Urrea"},"content":{"rendered":"<p>Mochila porta herramientas, transporta las herramientas en forma organizada c\u00f3modamente sobre la espalda dejando las manos libres. Las herramientas se almacena en una charola de EVA con la silueta exacta, y se resguardan en un porta bandeja transparente para una mejor visualizaci\u00f3n. Mochila portaherramientas de uso pesado. Base pl\u00e1stica impermeable con tacones para mayor estabilidad. Divisi\u00f3n re movible. Asas de uso rudo. Asa tipo maleta para cargar con una mano. Doble cierre de uso rudo. 4 estuches independientes portaherramientas de EVA que permiten la organizaci\u00f3n y almacenamiento de la herramienta.<\/p>\n","protected":false},"excerpt":{"rendered":"<ul>\n<li>Martillo tapas pl\u00e1sticas 13oz;<\/li>\n<li>Pinza corte diagonal 7&#8243;;<\/li>\n<li>Pinza electricista 9&#8243;;<\/li>\n<li>Pinza para tubo 7&#8243;;<\/li>\n<li>Pinza de presi\u00f3n 7&#8243; quijada curva;<\/li>\n<li>Juego de 13 llaves hexagonales bola en L en pulgadas;<\/li>\n<li>Juego de 9 llaves hexagonales bola en L m\u00e9trico;<\/li>\n<li>Llave Stillson 8&#8243;;<\/li>\n<li>Nivel torpedo 9&#8243;;<\/li>\n<li>Navaja abatible acero inoxidable;<\/li>\n<li>14 llaves combinadas de 7 a 20 mm;<\/li>\n<li>Destornillador plano de 1\/4&#215;4\u201d;<\/li>\n<li>Destornillador plano 5\/16&#215;6&#8243;;<\/li>\n<li>Destornillador Phillips #1 de 3\/16&#215;3&#8243;;<\/li>\n<li>Destornillador Phillips #2 de 1\/4&#215;4\u201d;<\/li>\n<li>Destornillador Phillips #3 de 5\/16&#215;6&#8243;;<\/li>\n<li>Destornillador cabinet 3\/16&#215;6&#8243;;<\/li>\n<li>Flex\u00f3metro 3 m;<\/li>\n<li>Pinza de mec\u00e1nico 6&#8243;;<\/li>\n<li>Juego de llaves tipo navaja 16 pz;<\/li>\n<li>Linterna LED;<\/li>\n<li>Prensa tipo C 2&#8243;;<\/li>\n<\/ul>\n","protected":false},"featured_media":5204,"comment_status":"open","ping_status":"closed","template":"","meta":{"site-sidebar-layout":"default","site-content-layout":"","ast-site-content-layout":"default","site-content-style":"default","site-sidebar-style":"default","ast-global-header-display":"","ast-banner-title-visibility":"","ast-main-header-display":"","ast-hfb-above-header-display":"","ast-hfb-below-header-display":"","ast-hfb-mobile-header-display":"","site-post-title":"","ast-breadcrumbs-content":"","ast-featured-img":"","footer-sml-layout":"","ast-disable-related-posts":"","theme-transparent-header-meta":"default","adv-header-id-meta":"","stick-header-meta":"","header-above-stick-meta":"","header-main-stick-meta":"","header-below-stick-meta":"","astra-migrate-meta-layouts":"set","ast-page-background-enabled":"default","ast-page-background-meta":{"desktop":{"background-color":"var(--ast-global-color-4)","background-image":"","background-repeat":"repeat","background-position":"center center","background-size":"auto","background-attachment":"scroll","background-type":"","background-media":"","overlay-type":"","overlay-color":"","overlay-opacity":"","overlay-gradient":""},"tablet":{"background-color":"","background-image":"","background-repeat":"repeat","background-position":"center center","background-size":"auto","background-attachment":"scroll","background-type":"","background-media":"","overlay-type":"","overlay-color":"","overlay-opacity":"","overlay-gradient":""},"mobile":{"background-color":"","background-image":"","background-repeat":"repeat","background-position":"center center","background-size":"auto","background-attachment":"scroll","background-type":"","background-media":"","overlay-type":"","overlay-color":"","overlay-opacity":"","overlay-gradient":""}},"ast-content-background-meta":{"desktop":{"background-color":"var(--ast-global-color-5)","background-image":"","background-repeat":"repeat","background-position":"center center","background-size":"auto","background-attachment":"scroll","background-type":"","background-media":"","overlay-type":"","overlay-color":"","overlay-opacity":"","overlay-gradient":""},"tablet":{"background-color":"var(--ast-global-color-5)","background-image":"","background-repeat":"repeat","background-position":"center center","background-size":"auto","background-attachment":"scroll","background-type":"","background-media":"","overlay-type":"","overlay-color":"","overlay-opacity":"","overlay-gradient":""},"mobile":{"background-color":"var(--ast-global-color-5)","background-image":"","background-repeat":"repeat","background-position":"center center","background-size":"auto","background-attachment":"scroll","background-type":"","background-media":"","overlay-type":"","overlay-color":"","overlay-opacity":"","overlay-gradient":""}}},"product_brand":[],"product_cat":[36,42],"product_tag":[],"class_list":{"0":"post-751","1":"product","2":"type-product","3":"status-publish","4":"has-post-thumbnail","6":"product_cat-juegos-de-herramientas-urrea","7":"product_cat-urrea","8":"desktop-align-left","9":"tablet-align-left","10":"mobile-align-left","12":"first","13":"outofstock","14":"shipping-taxable","15":"purchasable","16":"product-type-simple"},"jetpack_sharing_enabled":true,"_links":{"self":[{"href":"https:\/\/ferreterialafedecuicuilco.com\/index.php\/wp-json\/wp\/v2\/product\/751","targetHints":{"allow":["GET"]}}],"collection":[{"href":"https:\/\/ferreterialafedecuicuilco.com\/index.php\/wp-json\/wp\/v2\/product"}],"about":[{"href":"https:\/\/ferreterialafedecuicuilco.com\/index.php\/wp-json\/wp\/v2\/types\/product"}],"replies":[{"embeddable":true,"href":"https:\/\/ferreterialafedecuicuilco.com\/index.php\/wp-json\/wp\/v2\/comments?post=751"}],"wp:featuredmedia":[{"embeddable":true,"href":"https:\/\/ferreterialafedecuicuilco.com\/index.php\/wp-json\/wp\/v2\/media\/5204"}],"wp:attachment":[{"href":"https:\/\/ferreterialafedecuicuilco.com\/index.php\/wp-json\/wp\/v2\/media?parent=751"}],"wp:term":[{"taxonomy":"product_brand","embeddable":true,"href":"https:\/\/ferreterialafedecuicuilco.com\/index.php\/wp-json\/wp\/v2\/product_brand?post=751"},{"taxonomy":"product_cat","embeddable":true,"href":"https:\/\/ferreterialafedecuicuilco.com\/index.php\/wp-json\/wp\/v2\/product_cat?post=751"},{"taxonomy":"product_tag","embeddable":true,"href":"https:\/\/ferreterialafedecuicuilco.com\/index.php\/wp-json\/wp\/v2\/product_tag?post=751"}],"curies":[{"name":"wp","href":"https:\/\/api.w.org\/{rel}","templated":true}]}}